{"id":7386,"date":"2022-03-16T11:52:28","date_gmt":"2022-03-16T14:52:28","guid":{"rendered":"https:\/\/fraternidadesemfronteiras.ch\/produto\/libro-ubuntu\/"},"modified":"2022-03-16T11:52:28","modified_gmt":"2022-03-16T14:52:28","slug":"libro-ubuntu","status":"publish","type":"product","link":"https:\/\/fraternidadesemfronteiras.ch\/it\/produto\/libro-ubuntu\/","title":{"rendered":"LIBRO UBUNTU"},"content":{"rendered":"","protected":false},"excerpt":{"rendered":"<p>Chiunque voglia conoscere i primi passi della Fraternit\u00e0 senza Frontiere (FSF) e godersi un po&#8217; delle sensazioni provate dai caravanner in visita in Africa \u00e8 invitato a leggere il libro \u201cUbuntu: One People, One Heart\u201d. Firmato da Wellerson Santos, scrittore e coordinatore della FSF Education Caravan, porta testimonianze di padrini, caravanner e sorveglianti, oltre a condurre il lettore lungo le strade della confraternita del Mozambico.<\/p>\n<p>\u201cUbuntu\u201d, a sua volta, \u00e8 espressione dell&#8217;Africa subsahariana, che presenta l&#8217;universo come un grande organismo vivente, la cui armonia si stabilisce attraverso l&#8217;interdipendenza degli individui che compongono il tutto, in modo tale che la gioia di uno \u00e8 la gioia di tutti, e la tristezza di uno \u00e8 quella della comunit\u00e0; come se il cuore pi\u00f9 piccolo fosse il cuore di tutti e, quindi, palpitare come quello di un solo popolo.<\/p>\n<p>Intraprendi questo viaggio d&#8217;amore verso la prossima e buona lettura!<\/p>\n","protected":false},"featured_media":5098,"template":"","meta":[],"product_brand":[],"product_cat":[277],"product_tag":[],"class_list":{"0":"post-7386","1":"product","2":"type-product","3":"status-publish","4":"has-post-thumbnail","6":"product_cat-libros","8":"first","9":"instock","10":"shipping-taxable","11":"purchasable","12":"product-type-simple"},"yoast_head":"<!-- This site is optimized with the Yoast SEO plugin v27.4 - https:\/\/yoast.com\/product\/yoast-seo-wordpress\/ -->\n<title>LIBRO UBUNTU - Fraternidade Sem Fronteiras<\/title>\n<meta name=\"robots\" content=\"index, follow, max-snippet:-1, max-image-preview:large, max-video-preview:-1\" \/>\n<link rel=\"canonical\" href=\"https:\/\/fraternidadesemfronteiras.ch\/produto\/livro-ubuntu\/\" \/>\n<meta property=\"og:locale\" content=\"it_IT\" \/>\n<meta property=\"og:type\" content=\"article\" \/>\n<meta property=\"og:title\" content=\"LIBRO UBUNTU - Fraternidade Sem Fronteiras\" \/>\n<meta property=\"og:description\" content=\"Chiunque voglia conoscere i primi passi della Fraternit\u00e0 senza Frontiere (FSF) e godersi un po&#039; delle sensazioni provate dai caravanner in visita in Africa \u00e8 invitato a leggere il libro \u201cUbuntu: One People, One Heart\u201d. Firmato da Wellerson Santos, scrittore e coordinatore della FSF Education Caravan, porta testimonianze di padrini, caravanner e sorveglianti, oltre a condurre il lettore lungo le strade della confraternita del Mozambico.  \u201cUbuntu\u201d, a sua volta, \u00e8 espressione dell&#039;Africa subsahariana, che presenta l&#039;universo come un grande organismo vivente, la cui armonia si stabilisce attraverso l&#039;interdipendenza degli individui che compongono il tutto, in modo tale che la gioia di uno \u00e8 la gioia di tutti, e la tristezza di uno \u00e8 quella della comunit\u00e0; come se il cuore pi\u00f9 piccolo fosse il cuore di tutti e, quindi, palpitare come quello di un solo popolo.  Intraprendi questo viaggio d&#039;amore verso la prossima e buona lettura!\" \/>\n<meta property=\"og:url\" content=\"https:\/\/fraternidadesemfronteiras.ch\/produto\/livro-ubuntu\/\" \/>\n<meta property=\"og:site_name\" content=\"Fraternidade Sem Fronteiras\" \/>\n<meta property=\"og:image\" content=\"https:\/\/fraternidadesemfronteiras.ch\/wp-content\/uploads\/2022\/03\/Livro-ubuntu-wellersonsantos_centraldepresentesfsf.jpg\" \/>\n\t<meta property=\"og:image:width\" content=\"425\" \/>\n\t<meta property=\"og:image:height\" content=\"600\" \/>\n\t<meta property=\"og:image:type\" content=\"image\/jpeg\" \/>\n<meta name=\"twitter:card\" content=\"summary_large_image\" \/>\n<script type=\"application\/ld+json\" class=\"yoast-schema-graph\">{\"@context\":\"https:\\\/\\\/schema.org\",\"@graph\":[{\"@type\":\"WebPage\",\"@id\":\"https:\\\/\\\/fraternidadesemfronteiras.ch\\\/produto\\\/livro-ubuntu\\\/\",\"url\":\"https:\\\/\\\/fraternidadesemfronteiras.ch\\\/produto\\\/livro-ubuntu\\\/\",\"name\":\"LIBRO UBUNTU - Fraternidade Sem Fronteiras\",\"isPartOf\":{\"@id\":\"https:\\\/\\\/fraternidadesemfronteiras.ch\\\/#website\"},\"primaryImageOfPage\":{\"@id\":\"https:\\\/\\\/fraternidadesemfronteiras.ch\\\/produto\\\/livro-ubuntu\\\/#primaryimage\"},\"image\":{\"@id\":\"https:\\\/\\\/fraternidadesemfronteiras.ch\\\/produto\\\/livro-ubuntu\\\/#primaryimage\"},\"thumbnailUrl\":\"https:\\\/\\\/fraternidadesemfronteiras.ch\\\/wp-content\\\/uploads\\\/2022\\\/03\\\/Livro-ubuntu-wellersonsantos_centraldepresentesfsf.jpg\",\"datePublished\":\"2022-03-16T14:52:28+00:00\",\"breadcrumb\":{\"@id\":\"https:\\\/\\\/fraternidadesemfronteiras.ch\\\/produto\\\/livro-ubuntu\\\/#breadcrumb\"},\"inLanguage\":\"it-IT\",\"potentialAction\":[{\"@type\":\"ReadAction\",\"target\":[\"https:\\\/\\\/fraternidadesemfronteiras.ch\\\/produto\\\/livro-ubuntu\\\/\"]}]},{\"@type\":\"ImageObject\",\"inLanguage\":\"it-IT\",\"@id\":\"https:\\\/\\\/fraternidadesemfronteiras.ch\\\/produto\\\/livro-ubuntu\\\/#primaryimage\",\"url\":\"https:\\\/\\\/fraternidadesemfronteiras.ch\\\/wp-content\\\/uploads\\\/2022\\\/03\\\/Livro-ubuntu-wellersonsantos_centraldepresentesfsf.jpg\",\"contentUrl\":\"https:\\\/\\\/fraternidadesemfronteiras.ch\\\/wp-content\\\/uploads\\\/2022\\\/03\\\/Livro-ubuntu-wellersonsantos_centraldepresentesfsf.jpg\",\"width\":425,\"height\":600},{\"@type\":\"BreadcrumbList\",\"@id\":\"https:\\\/\\\/fraternidadesemfronteiras.ch\\\/produto\\\/livro-ubuntu\\\/#breadcrumb\",\"itemListElement\":[{\"@type\":\"ListItem\",\"position\":1,\"name\":\"Home\",\"item\":\"https:\\\/\\\/fraternidadesemfronteiras.ch\\\/\"},{\"@type\":\"ListItem\",\"position\":2,\"name\":\"Negozio Solidal\",\"item\":\"https:\\\/\\\/fraternidadesemfronteiras.ch\\\/loja\\\/\"},{\"@type\":\"ListItem\",\"position\":3,\"name\":\"LIBRO UBUNTU\"}]},{\"@type\":\"WebSite\",\"@id\":\"https:\\\/\\\/fraternidadesemfronteiras.ch\\\/#website\",\"url\":\"https:\\\/\\\/fraternidadesemfronteiras.ch\\\/\",\"name\":\"Fraternidade Sem Fronteiras\",\"description\":\"Somos uma organiza\u00e7\u00e3o humanit\u00e1ria que atua em alguns dos lugares mais pobres do planeta\",\"potentialAction\":[{\"@type\":\"SearchAction\",\"target\":{\"@type\":\"EntryPoint\",\"urlTemplate\":\"https:\\\/\\\/fraternidadesemfronteiras.ch\\\/?s={search_term_string}\"},\"query-input\":{\"@type\":\"PropertyValueSpecification\",\"valueRequired\":true,\"valueName\":\"search_term_string\"}}],\"inLanguage\":\"it-IT\"}]}<\/script>\n<!-- \/ Yoast SEO plugin. -->","yoast_head_json":{"title":"LIBRO UBUNTU - Fraternidade Sem Fronteiras","robots":{"index":"index","follow":"follow","max-snippet":"max-snippet:-1","max-image-preview":"max-image-preview:large","max-video-preview":"max-video-preview:-1"},"canonical":"https:\/\/fraternidadesemfronteiras.ch\/produto\/livro-ubuntu\/","og_locale":"it_IT","og_type":"article","og_title":"LIBRO UBUNTU - Fraternidade Sem Fronteiras","og_description":"Chiunque voglia conoscere i primi passi della Fraternit\u00e0 senza Frontiere (FSF) e godersi un po' delle sensazioni provate dai caravanner in visita in Africa \u00e8 invitato a leggere il libro \u201cUbuntu: One People, One Heart\u201d. Firmato da Wellerson Santos, scrittore e coordinatore della FSF Education Caravan, porta testimonianze di padrini, caravanner e sorveglianti, oltre a condurre il lettore lungo le strade della confraternita del Mozambico.  \u201cUbuntu\u201d, a sua volta, \u00e8 espressione dell'Africa subsahariana, che presenta l'universo come un grande organismo vivente, la cui armonia si stabilisce attraverso l'interdipendenza degli individui che compongono il tutto, in modo tale che la gioia di uno \u00e8 la gioia di tutti, e la tristezza di uno \u00e8 quella della comunit\u00e0; come se il cuore pi\u00f9 piccolo fosse il cuore di tutti e, quindi, palpitare come quello di un solo popolo.  Intraprendi questo viaggio d'amore verso la prossima e buona lettura!","og_url":"https:\/\/fraternidadesemfronteiras.ch\/produto\/livro-ubuntu\/","og_site_name":"Fraternidade Sem Fronteiras","og_image":[{"width":425,"height":600,"url":"https:\/\/fraternidadesemfronteiras.ch\/wp-content\/uploads\/2022\/03\/Livro-ubuntu-wellersonsantos_centraldepresentesfsf.jpg","type":"image\/jpeg"}],"twitter_card":"summary_large_image","schema":{"@context":"https:\/\/schema.org","@graph":[{"@type":"WebPage","@id":"https:\/\/fraternidadesemfronteiras.ch\/produto\/livro-ubuntu\/","url":"https:\/\/fraternidadesemfronteiras.ch\/produto\/livro-ubuntu\/","name":"LIBRO UBUNTU - Fraternidade Sem Fronteiras","isPartOf":{"@id":"https:\/\/fraternidadesemfronteiras.ch\/#website"},"primaryImageOfPage":{"@id":"https:\/\/fraternidadesemfronteiras.ch\/produto\/livro-ubuntu\/#primaryimage"},"image":{"@id":"https:\/\/fraternidadesemfronteiras.ch\/produto\/livro-ubuntu\/#primaryimage"},"thumbnailUrl":"https:\/\/fraternidadesemfronteiras.ch\/wp-content\/uploads\/2022\/03\/Livro-ubuntu-wellersonsantos_centraldepresentesfsf.jpg","datePublished":"2022-03-16T14:52:28+00:00","breadcrumb":{"@id":"https:\/\/fraternidadesemfronteiras.ch\/produto\/livro-ubuntu\/#breadcrumb"},"inLanguage":"it-IT","potentialAction":[{"@type":"ReadAction","target":["https:\/\/fraternidadesemfronteiras.ch\/produto\/livro-ubuntu\/"]}]},{"@type":"ImageObject","inLanguage":"it-IT","@id":"https:\/\/fraternidadesemfronteiras.ch\/produto\/livro-ubuntu\/#primaryimage","url":"https:\/\/fraternidadesemfronteiras.ch\/wp-content\/uploads\/2022\/03\/Livro-ubuntu-wellersonsantos_centraldepresentesfsf.jpg","contentUrl":"https:\/\/fraternidadesemfronteiras.ch\/wp-content\/uploads\/2022\/03\/Livro-ubuntu-wellersonsantos_centraldepresentesfsf.jpg","width":425,"height":600},{"@type":"BreadcrumbList","@id":"https:\/\/fraternidadesemfronteiras.ch\/produto\/livro-ubuntu\/#breadcrumb","itemListElement":[{"@type":"ListItem","position":1,"name":"Home","item":"https:\/\/fraternidadesemfronteiras.ch\/"},{"@type":"ListItem","position":2,"name":"Negozio Solidal","item":"https:\/\/fraternidadesemfronteiras.ch\/loja\/"},{"@type":"ListItem","position":3,"name":"LIBRO UBUNTU"}]},{"@type":"WebSite","@id":"https:\/\/fraternidadesemfronteiras.ch\/#website","url":"https:\/\/fraternidadesemfronteiras.ch\/","name":"Fraternidade Sem Fronteiras","description":"Somos uma organiza\u00e7\u00e3o humanit\u00e1ria que atua em alguns dos lugares mais pobres do planeta","potentialAction":[{"@type":"SearchAction","target":{"@type":"EntryPoint","urlTemplate":"https:\/\/fraternidadesemfronteiras.ch\/?s={search_term_string}"},"query-input":{"@type":"PropertyValueSpecification","valueRequired":true,"valueName":"search_term_string"}}],"inLanguage":"it-IT"}]}},"_links":{"self":[{"href":"https:\/\/fraternidadesemfronteiras.ch\/it\/wp-json\/wp\/v2\/product\/7386","targetHints":{"allow":["GET"]}}],"collection":[{"href":"https:\/\/fraternidadesemfronteiras.ch\/it\/wp-json\/wp\/v2\/product"}],"about":[{"href":"https:\/\/fraternidadesemfronteiras.ch\/it\/wp-json\/wp\/v2\/types\/product"}],"version-history":[{"count":0,"href":"https:\/\/fraternidadesemfronteiras.ch\/it\/wp-json\/wp\/v2\/product\/7386\/revisions"}],"wp:featuredmedia":[{"embeddable":true,"href":"https:\/\/fraternidadesemfronteiras.ch\/it\/wp-json\/wp\/v2\/media\/5098"}],"wp:attachment":[{"href":"https:\/\/fraternidadesemfronteiras.ch\/it\/wp-json\/wp\/v2\/media?parent=7386"}],"wp:term":[{"taxonomy":"product_brand","embeddable":true,"href":"https:\/\/fraternidadesemfronteiras.ch\/it\/wp-json\/wp\/v2\/product_brand?post=7386"},{"taxonomy":"product_cat","embeddable":true,"href":"https:\/\/fraternidadesemfronteiras.ch\/it\/wp-json\/wp\/v2\/product_cat?post=7386"},{"taxonomy":"product_tag","embeddable":true,"href":"https:\/\/fraternidadesemfronteiras.ch\/it\/wp-json\/wp\/v2\/product_tag?post=7386"}],"curies":[{"name":"wp","href":"https:\/\/api.w.org\/{rel}","templated":true}]}}