{"id":9012,"date":"2024-10-05T16:06:34","date_gmt":"2024-10-05T19:06:34","guid":{"rendered":"https:\/\/fraternidadesemfronteiras.ch\/?page_id=9012"},"modified":"2024-11-30T10:55:05","modified_gmt":"2024-11-30T13:55:05","slug":"mozambico","status":"publish","type":"page","link":"https:\/\/fraternidadesemfronteiras.ch\/it\/carovana\/mozambico\/","title":{"rendered":"Mozambico"},"content":{"rendered":"\t\t<div data-elementor-type=\"wp-page\" data-elementor-id=\"9012\" class=\"elementor elementor-9012 elementor-8767\" data-elementor-post-type=\"page\">\n\t\t\t\t\t\t<section class=\"elementor-section elementor-top-section elementor-element elementor-element-2c73e47 elementor-section-height-min-height elementor-section-boxed elementor-section-height-default elementor-section-items-middle\" data-id=\"2c73e47\" data-element_type=\"section\" data-e-type=\"section\" data-settings=\"{&quot;background_background&quot;:&quot;classic&quot;}\">\n\t\t\t\t\t\t<div class=\"elementor-container elementor-column-gap-default\">\n\t\t\t\t\t<div class=\"elementor-column elementor-col-100 elementor-top-column elementor-element elementor-element-f9c56f9\" data-id=\"f9c56f9\" data-element_type=\"column\" data-e-type=\"column\">\n\t\t\t<div class=\"elementor-widget-wrap elementor-element-populated\">\n\t\t\t\t\t\t<div class=\"elementor-element elementor-element-dbce4a1 elementor-widget elementor-widget-heading\" data-id=\"dbce4a1\" data-element_type=\"widget\" data-e-type=\"widget\" data-widget_type=\"heading.default\">\n\t\t\t\t<div class=\"elementor-widget-container\">\n\t\t\t\t\t<h1 class=\"elementor-heading-title elementor-size-default\">Carovana<\/h1>\t\t\t\t<\/div>\n\t\t\t\t<\/div>\n\t\t\t\t<div class=\"elementor-element elementor-element-997d9d7 elementor-align-center elementor-widget elementor-widget-button\" data-id=\"997d9d7\" data-element_type=\"widget\" data-e-type=\"widget\" data-widget_type=\"button.default\">\n\t\t\t\t<div class=\"elementor-widget-container\">\n\t\t\t\t\t\t\t\t\t<div class=\"elementor-button-wrapper\">\n\t\t\t\t\t<a class=\"elementor-button elementor-button-link elementor-size-sm\" href=\"https:\/\/fraternidadesemfronteiras.ch\/it\/modulodidonazione\/\">\n\t\t\t\t\t\t<span class=\"elementor-button-content-wrapper\">\n\t\t\t\t\t\t\t\t\t<span class=\"elementor-button-text\">Voglio contribuire<\/span>\n\t\t\t\t\t<\/span>\n\t\t\t\t\t<\/a>\n\t\t\t\t<\/div>\n\t\t\t\t\t\t\t\t<\/div>\n\t\t\t\t<\/div>\n\t\t\t\t\t<\/div>\n\t\t<\/div>\n\t\t\t\t\t<\/div>\n\t\t<\/section>\n\t\t\t\t<section class=\"elementor-section elementor-top-section elementor-element elementor-element-7cda5f4 elementor-section-boxed elementor-section-height-default elementor-section-height-default\" data-id=\"7cda5f4\" data-element_type=\"section\" data-e-type=\"section\" data-settings=\"{&quot;background_background&quot;:&quot;classic&quot;}\">\n\t\t\t\t\t\t<div class=\"elementor-container elementor-column-gap-default\">\n\t\t\t\t\t<div class=\"elementor-column elementor-col-100 elementor-top-column elementor-element elementor-element-bef0010\" data-id=\"bef0010\" data-element_type=\"column\" data-e-type=\"column\">\n\t\t\t<div class=\"elementor-widget-wrap elementor-element-populated\">\n\t\t\t\t\t\t<section class=\"elementor-section elementor-inner-section elementor-element elementor-element-8866cc9 elementor-section-boxed elementor-section-height-default elementor-section-height-default\" data-id=\"8866cc9\" data-element_type=\"section\" data-e-type=\"section\">\n\t\t\t\t\t\t<div class=\"elementor-container elementor-column-gap-default\">\n\t\t\t\t\t<div class=\"elementor-column elementor-col-50 elementor-inner-column elementor-element elementor-element-585040d\" data-id=\"585040d\" data-element_type=\"column\" data-e-type=\"column\">\n\t\t\t<div class=\"elementor-widget-wrap elementor-element-populated\">\n\t\t\t\t\t\t<div class=\"elementor-element elementor-element-93f3188 elementor-widget elementor-widget-video\" data-id=\"93f3188\" data-element_type=\"widget\" data-e-type=\"widget\" data-settings=\"{&quot;youtube_url&quot;:&quot;https:\\\/\\\/www.youtube.com\\\/watch?v=7StMkhhjnE4&quot;,&quot;video_type&quot;:&quot;youtube&quot;,&quot;controls&quot;:&quot;yes&quot;}\" data-widget_type=\"video.default\">\n\t\t\t\t<div class=\"elementor-widget-container\">\n\t\t\t\t\t\t\t<div class=\"elementor-wrapper elementor-open-inline\">\n\t\t\t<div class=\"elementor-video\"><\/div>\t\t<\/div>\n\t\t\t\t\t\t<\/div>\n\t\t\t\t<\/div>\n\t\t\t\t\t<\/div>\n\t\t<\/div>\n\t\t\t\t<div class=\"elementor-column elementor-col-50 elementor-inner-column elementor-element elementor-element-0be65f8\" data-id=\"0be65f8\" data-element_type=\"column\" data-e-type=\"column\">\n\t\t\t<div class=\"elementor-widget-wrap elementor-element-populated\">\n\t\t\t\t\t\t<div class=\"elementor-element elementor-element-7e0d1dc elementor-widget elementor-widget-heading\" data-id=\"7e0d1dc\" data-element_type=\"widget\" data-e-type=\"widget\" data-widget_type=\"heading.default\">\n\t\t\t\t<div class=\"elementor-widget-container\">\n\t\t\t\t\t<h2 class=\"elementor-heading-title elementor-size-default\">DESTINAZIONE: Mozambico<\/h2>\t\t\t\t<\/div>\n\t\t\t\t<\/div>\n\t\t\t\t<div class=\"elementor-element elementor-element-5c84865 elementor-widget elementor-widget-text-editor\" data-id=\"5c84865\" data-element_type=\"widget\" data-e-type=\"widget\" data-widget_type=\"text-editor.default\">\n\t\t\t\t<div class=\"elementor-widget-container\">\n\t\t\t\t\t\t\t\t\t<p>Il primo progetto abbracciato in Africa dalla Fraternit\u00e0. Continua a nutrire non solo il corpo, attraverso il cibo, ma anche l&#8217;anima attraverso lo studio e la professionalizzazione dei bambini e dei giovani.<\/p>\t\t\t\t\t\t\t\t<\/div>\n\t\t\t\t<\/div>\n\t\t\t\t\t<\/div>\n\t\t<\/div>\n\t\t\t\t\t<\/div>\n\t\t<\/section>\n\t\t\t\t\t<\/div>\n\t\t<\/div>\n\t\t\t\t\t<\/div>\n\t\t<\/section>\n\t\t\t\t<section class=\"elementor-section elementor-top-section elementor-element elementor-element-ca7b061 elementor-section-boxed elementor-section-height-default elementor-section-height-default\" data-id=\"ca7b061\" data-element_type=\"section\" data-e-type=\"section\">\n\t\t\t\t\t\t<div class=\"elementor-container elementor-column-gap-default\">\n\t\t\t\t\t<div class=\"elementor-column elementor-col-100 elementor-top-column elementor-element elementor-element-8530841\" data-id=\"8530841\" data-element_type=\"column\" data-e-type=\"column\">\n\t\t\t<div class=\"elementor-widget-wrap elementor-element-populated\">\n\t\t\t\t\t\t<div class=\"elementor-element elementor-element-461fe98 elementor-widget elementor-widget-image\" data-id=\"461fe98\" data-element_type=\"widget\" data-e-type=\"widget\" data-widget_type=\"image.default\">\n\t\t\t\t<div class=\"elementor-widget-container\">\n\t\t\t\t\t\t\t\t\t\t\t\t\t\t\t<img fetchpriority=\"high\" decoding=\"async\" width=\"800\" height=\"800\" src=\"https:\/\/fraternidadesemfronteiras.ch\/wp-content\/uploads\/2024\/11\/Mocambique_POST_Caravana2024SUICA2-italiano-1024x1024.webp\" class=\"attachment-large size-large wp-image-8995\" alt=\"\" srcset=\"https:\/\/fraternidadesemfronteiras.ch\/wp-content\/uploads\/2024\/11\/Mocambique_POST_Caravana2024SUICA2-italiano-1024x1024.webp 1024w, https:\/\/fraternidadesemfronteiras.ch\/wp-content\/uploads\/2024\/11\/Mocambique_POST_Caravana2024SUICA2-italiano-300x300.webp 300w, https:\/\/fraternidadesemfronteiras.ch\/wp-content\/uploads\/2024\/11\/Mocambique_POST_Caravana2024SUICA2-italiano-150x150.webp 150w, https:\/\/fraternidadesemfronteiras.ch\/wp-content\/uploads\/2024\/11\/Mocambique_POST_Caravana2024SUICA2-italiano-768x768.webp 768w, https:\/\/fraternidadesemfronteiras.ch\/wp-content\/uploads\/2024\/11\/Mocambique_POST_Caravana2024SUICA2-italiano-500x500.webp 500w, https:\/\/fraternidadesemfronteiras.ch\/wp-content\/uploads\/2024\/11\/Mocambique_POST_Caravana2024SUICA2-italiano-700x700.webp 700w, https:\/\/fraternidadesemfronteiras.ch\/wp-content\/uploads\/2024\/11\/Mocambique_POST_Caravana2024SUICA2-italiano-100x100.webp 100w, https:\/\/fraternidadesemfronteiras.ch\/wp-content\/uploads\/2024\/11\/Mocambique_POST_Caravana2024SUICA2-italiano.webp 1300w\" sizes=\"(max-width: 800px) 100vw, 800px\" \/>\t\t\t\t\t\t\t\t\t\t\t\t\t\t\t<\/div>\n\t\t\t\t<\/div>\n\t\t\t\t<div class=\"elementor-element elementor-element-1289ea2 elementor-align-center elementor-widget elementor-widget-button\" data-id=\"1289ea2\" data-element_type=\"widget\" data-e-type=\"widget\" data-widget_type=\"button.default\">\n\t\t\t\t<div class=\"elementor-widget-container\">\n\t\t\t\t\t\t\t\t\t<div class=\"elementor-button-wrapper\">\n\t\t\t\t\t<a class=\"elementor-button elementor-button-link elementor-size-sm\" href=\"#elementor-action%3Aaction%3Dpopup%3Aopen%26settings%3DeyJpZCI6OTAyMywidG9nZ2xlIjpmYWxzZX0%3D\">\n\t\t\t\t\t\t<span class=\"elementor-button-content-wrapper\">\n\t\t\t\t\t\t\t\t\t<span class=\"elementor-button-text\">iscrizione<\/span>\n\t\t\t\t\t<\/span>\n\t\t\t\t\t<\/a>\n\t\t\t\t<\/div>\n\t\t\t\t\t\t\t\t<\/div>\n\t\t\t\t<\/div>\n\t\t\t\t\t<\/div>\n\t\t<\/div>\n\t\t\t\t\t<\/div>\n\t\t<\/section>\n\t\t\t\t<section class=\"elementor-section elementor-top-section elementor-element elementor-element-ff15160 elementor-section-boxed elementor-section-height-default elementor-section-height-default\" data-id=\"ff15160\" data-element_type=\"section\" data-e-type=\"section\" data-settings=\"{&quot;background_background&quot;:&quot;classic&quot;}\">\n\t\t\t\t\t\t<div class=\"elementor-container elementor-column-gap-default\">\n\t\t\t\t\t<div class=\"elementor-column elementor-col-50 elementor-top-column elementor-element elementor-element-98c9c9d\" data-id=\"98c9c9d\" data-element_type=\"column\" data-e-type=\"column\">\n\t\t\t<div class=\"elementor-widget-wrap elementor-element-populated\">\n\t\t\t\t\t\t<div class=\"elementor-element elementor-element-bafeb36 elementor-widget elementor-widget-image\" data-id=\"bafeb36\" data-element_type=\"widget\" data-e-type=\"widget\" data-widget_type=\"image.default\">\n\t\t\t\t<div class=\"elementor-widget-container\">\n\t\t\t\t\t\t\t\t\t\t\t\t\t\t\t<img decoding=\"async\" width=\"500\" height=\"500\" src=\"https:\/\/fraternidadesemfronteiras.ch\/wp-content\/uploads\/2024\/11\/logo-italiano.webp\" class=\"attachment-large size-large wp-image-9004\" alt=\"\" srcset=\"https:\/\/fraternidadesemfronteiras.ch\/wp-content\/uploads\/2024\/11\/logo-italiano.webp 500w, https:\/\/fraternidadesemfronteiras.ch\/wp-content\/uploads\/2024\/11\/logo-italiano-300x300.webp 300w, https:\/\/fraternidadesemfronteiras.ch\/wp-content\/uploads\/2024\/11\/logo-italiano-150x150.webp 150w, https:\/\/fraternidadesemfronteiras.ch\/wp-content\/uploads\/2024\/11\/logo-italiano-100x100.webp 100w\" sizes=\"(max-width: 500px) 100vw, 500px\" \/>\t\t\t\t\t\t\t\t\t\t\t\t\t\t\t<\/div>\n\t\t\t\t<\/div>\n\t\t\t\t\t<\/div>\n\t\t<\/div>\n\t\t\t\t<div class=\"elementor-column elementor-col-50 elementor-top-column elementor-element elementor-element-7f84de5\" data-id=\"7f84de5\" data-element_type=\"column\" data-e-type=\"column\">\n\t\t\t<div class=\"elementor-widget-wrap elementor-element-populated\">\n\t\t\t\t\t\t<div class=\"elementor-element elementor-element-30ece52 elementor-widget elementor-widget-heading\" data-id=\"30ece52\" data-element_type=\"widget\" data-e-type=\"widget\" data-widget_type=\"heading.default\">\n\t\t\t\t<div class=\"elementor-widget-container\">\n\t\t\t\t\t<h2 class=\"elementor-heading-title elementor-size-default\">ALLA CAROVANA<\/h2>\t\t\t\t<\/div>\n\t\t\t\t<\/div>\n\t\t\t\t<div class=\"elementor-element elementor-element-c854cb5 elementor-widget elementor-widget-text-editor\" data-id=\"c854cb5\" data-element_type=\"widget\" data-e-type=\"widget\" data-widget_type=\"text-editor.default\">\n\t\t\t\t<div class=\"elementor-widget-container\">\n\t\t\t\t\t\t\t\t\t<p>Questa Carovana ha lo scopo di portare la fraternit\u00e0 in tutti gli angoli del Mozambico, poich\u00e9 solo l&#8217;affetto \u00e8 capace di strappare il sorriso pi\u00f9 genuino in mezzo al caos.<\/p><p>Un viaggio senza ritorno verso il meglio che esiste dentro di noi.<\/p><p>\u00c8 importante leggere il manuale del <a href=\"https:\/\/fraternidadesemfronteiras.ch\/wp-content\/uploads\/2024\/11\/BOG-manual-de-caravana_-Mocambique-2025.pdf\">carovaniere<\/a> per comprendere meglio il tuo viaggio.<\/p><p>Venite a tuffarvi in questo universo di solidariet\u00e0!<\/p>\t\t\t\t\t\t\t\t<\/div>\n\t\t\t\t<\/div>\n\t\t\t\t\t<\/div>\n\t\t<\/div>\n\t\t\t\t\t<\/div>\n\t\t<\/section>\n\t\t\t\t<section class=\"elementor-section elementor-top-section elementor-element elementor-element-4366a38 elementor-section-boxed elementor-section-height-default elementor-section-height-default\" data-id=\"4366a38\" data-element_type=\"section\" data-e-type=\"section\">\n\t\t\t\t\t\t<div class=\"elementor-container elementor-column-gap-default\">\n\t\t\t\t\t<div class=\"elementor-column elementor-col-50 elementor-top-column elementor-element elementor-element-c803eff\" data-id=\"c803eff\" data-element_type=\"column\" data-e-type=\"column\">\n\t\t\t<div class=\"elementor-widget-wrap elementor-element-populated\">\n\t\t\t\t\t\t<div class=\"elementor-element elementor-element-a6b5fdb elementor-widget elementor-widget-image\" data-id=\"a6b5fdb\" data-element_type=\"widget\" data-e-type=\"widget\" data-widget_type=\"image.default\">\n\t\t\t\t<div class=\"elementor-widget-container\">\n\t\t\t\t\t\t\t\t\t\t\t\t\t\t\t<img decoding=\"async\" width=\"564\" height=\"498\" src=\"https:\/\/fraternidadesemfronteiras.ch\/wp-content\/uploads\/2024\/10\/foto_rodape_caravana.webp\" class=\"attachment-large size-large wp-image-8789\" alt=\"\" srcset=\"https:\/\/fraternidadesemfronteiras.ch\/wp-content\/uploads\/2024\/10\/foto_rodape_caravana.webp 564w, https:\/\/fraternidadesemfronteiras.ch\/wp-content\/uploads\/2024\/10\/foto_rodape_caravana-300x265.webp 300w, https:\/\/fraternidadesemfronteiras.ch\/wp-content\/uploads\/2024\/10\/foto_rodape_caravana-500x441.webp 500w\" sizes=\"(max-width: 564px) 100vw, 564px\" \/>\t\t\t\t\t\t\t\t\t\t\t\t\t\t\t<\/div>\n\t\t\t\t<\/div>\n\t\t\t\t\t<\/div>\n\t\t<\/div>\n\t\t\t\t<div class=\"elementor-column elementor-col-50 elementor-top-column elementor-element elementor-element-fe0f80a\" data-id=\"fe0f80a\" data-element_type=\"column\" data-e-type=\"column\">\n\t\t\t<div class=\"elementor-widget-wrap elementor-element-populated\">\n\t\t\t\t\t\t<div class=\"elementor-element elementor-element-76c9ff2 elementor-widget elementor-widget-heading\" data-id=\"76c9ff2\" data-element_type=\"widget\" data-e-type=\"widget\" data-widget_type=\"heading.default\">\n\t\t\t\t<div class=\"elementor-widget-container\">\n\t\t\t\t\t<h2 class=\"elementor-heading-title elementor-size-default\">Sostieni la causa<\/h2>\t\t\t\t<\/div>\n\t\t\t\t<\/div>\n\t\t\t\t<div class=\"elementor-element elementor-element-9955536 elementor-widget elementor-widget-text-editor\" data-id=\"9955536\" data-element_type=\"widget\" data-e-type=\"widget\" data-widget_type=\"text-editor.default\">\n\t\t\t\t<div class=\"elementor-widget-container\">\n\t\t\t\t\t\t\t\t\t<p>Oltre a diffondere la fraternit\u00e0, puoi aiutare anche nei costi amministrativi.<\/p><p>Con una donazione acquisti un articolo FSF e partecipi a questa catena fraterna.<\/p>\t\t\t\t\t\t\t\t<\/div>\n\t\t\t\t<\/div>\n\t\t\t\t<div class=\"elementor-element elementor-element-a9545e1 elementor-align-left elementor-widget elementor-widget-button\" data-id=\"a9545e1\" data-element_type=\"widget\" data-e-type=\"widget\" data-widget_type=\"button.default\">\n\t\t\t\t<div class=\"elementor-widget-container\">\n\t\t\t\t\t\t\t\t\t<div class=\"elementor-button-wrapper\">\n\t\t\t\t\t<a class=\"elementor-button elementor-button-link elementor-size-sm\" href=\"https:\/\/fraternidadesemfronteiras.ch\/it\/negozio-solidal\/\">\n\t\t\t\t\t\t<span class=\"elementor-button-content-wrapper\">\n\t\t\t\t\t\t\t\t\t<span class=\"elementor-button-text\">Lo voglio!<\/span>\n\t\t\t\t\t<\/span>\n\t\t\t\t\t<\/a>\n\t\t\t\t<\/div>\n\t\t\t\t\t\t\t\t<\/div>\n\t\t\t\t<\/div>\n\t\t\t\t\t<\/div>\n\t\t<\/div>\n\t\t\t\t\t<\/div>\n\t\t<\/section>\n\t\t\t\t<\/div>\n\t\t","protected":false},"excerpt":{"rendered":"<p>Carovana Voglio contribuire DESTINAZIONE: Mozambico Il primo progetto abbracciato in Africa dalla Fraternit\u00e0. Continua a nutrire non solo il corpo, attraverso il cibo, ma anche l&#8217;anima attraverso lo studio e la professionalizzazione dei bambini e dei giovani. iscrizione ALLA CAROVANA Questa Carovana ha lo scopo di portare la fraternit\u00e0 in tutti gli angoli del Mozambico, [&hellip;]<\/p>\n","protected":false},"author":22,"featured_media":0,"parent":9002,"menu_order":0,"comment_status":"closed","ping_status":"closed","template":"","meta":{"footnotes":""},"class_list":["post-9012","page","type-page","status-publish","hentry"],"yoast_head":"<!-- This site is optimized with the Yoast SEO plugin v27.2 - https:\/\/yoast.com\/product\/yoast-seo-wordpress\/ -->\n<title>Mozambico - Fraternidade Sem Fronteiras<\/title>\n<meta name=\"robots\" content=\"index, follow, max-snippet:-1, max-image-preview:large, max-video-preview:-1\" \/>\n<link rel=\"canonical\" href=\"https:\/\/fraternidadesemfronteiras.ch\/it\/carovana\/mozambico\/\" \/>\n<meta property=\"og:locale\" content=\"it_IT\" \/>\n<meta property=\"og:type\" content=\"article\" \/>\n<meta property=\"og:title\" content=\"Mozambico - Fraternidade Sem Fronteiras\" \/>\n<meta property=\"og:description\" content=\"Carovana Voglio contribuire DESTINAZIONE: Mozambico Il primo progetto abbracciato in Africa dalla Fraternit\u00e0. Continua a nutrire non solo il corpo, attraverso il cibo, ma anche l&#8217;anima attraverso lo studio e la professionalizzazione dei bambini e dei giovani. iscrizione ALLA CAROVANA Questa Carovana ha lo scopo di portare la fraternit\u00e0 in tutti gli angoli del Mozambico, [&hellip;]\" \/>\n<meta property=\"og:url\" content=\"https:\/\/fraternidadesemfronteiras.ch\/it\/carovana\/mozambico\/\" \/>\n<meta property=\"og:site_name\" content=\"Fraternidade Sem Fronteiras\" \/>\n<meta property=\"article:modified_time\" content=\"2024-11-30T13:55:05+00:00\" \/>\n<meta property=\"og:image\" content=\"https:\/\/fraternidadesemfronteiras.ch\/wp-content\/uploads\/2024\/11\/Mocambique_POST_Caravana2024SUICA2-italiano.webp\" \/>\n\t<meta property=\"og:image:width\" content=\"1300\" \/>\n\t<meta property=\"og:image:height\" content=\"1300\" \/>\n\t<meta property=\"og:image:type\" content=\"image\/webp\" \/>\n<meta name=\"twitter:card\" content=\"summary_large_image\" \/>\n<meta name=\"twitter:label1\" content=\"Tempo di lettura stimato\" \/>\n\t<meta name=\"twitter:data1\" content=\"2 minuti\" \/>\n<script type=\"application\/ld+json\" class=\"yoast-schema-graph\">{\"@context\":\"https:\/\/schema.org\",\"@graph\":[{\"@type\":\"WebPage\",\"@id\":\"https:\/\/fraternidadesemfronteiras.ch\/it\/carovana\/mozambico\/\",\"url\":\"https:\/\/fraternidadesemfronteiras.ch\/it\/carovana\/mozambico\/\",\"name\":\"Mozambico - Fraternidade Sem Fronteiras\",\"isPartOf\":{\"@id\":\"https:\/\/fraternidadesemfronteiras.ch\/#website\"},\"primaryImageOfPage\":{\"@id\":\"https:\/\/fraternidadesemfronteiras.ch\/it\/carovana\/mozambico\/#primaryimage\"},\"image\":{\"@id\":\"https:\/\/fraternidadesemfronteiras.ch\/it\/carovana\/mozambico\/#primaryimage\"},\"thumbnailUrl\":\"https:\/\/fraternidadesemfronteiras.ch\/wp-content\/uploads\/2024\/11\/Mocambique_POST_Caravana2024SUICA2-italiano-1024x1024.webp\",\"datePublished\":\"2024-10-05T19:06:34+00:00\",\"dateModified\":\"2024-11-30T13:55:05+00:00\",\"breadcrumb\":{\"@id\":\"https:\/\/fraternidadesemfronteiras.ch\/it\/carovana\/mozambico\/#breadcrumb\"},\"inLanguage\":\"it-IT\",\"potentialAction\":[{\"@type\":\"ReadAction\",\"target\":[\"https:\/\/fraternidadesemfronteiras.ch\/it\/carovana\/mozambico\/\"]}]},{\"@type\":\"ImageObject\",\"inLanguage\":\"it-IT\",\"@id\":\"https:\/\/fraternidadesemfronteiras.ch\/it\/carovana\/mozambico\/#primaryimage\",\"url\":\"https:\/\/fraternidadesemfronteiras.ch\/wp-content\/uploads\/2024\/11\/Mocambique_POST_Caravana2024SUICA2-italiano-1024x1024.webp\",\"contentUrl\":\"https:\/\/fraternidadesemfronteiras.ch\/wp-content\/uploads\/2024\/11\/Mocambique_POST_Caravana2024SUICA2-italiano-1024x1024.webp\"},{\"@type\":\"BreadcrumbList\",\"@id\":\"https:\/\/fraternidadesemfronteiras.ch\/it\/carovana\/mozambico\/#breadcrumb\",\"itemListElement\":[{\"@type\":\"ListItem\",\"position\":1,\"name\":\"Home\",\"item\":\"https:\/\/fraternidadesemfronteiras.ch\/\"},{\"@type\":\"ListItem\",\"position\":2,\"name\":\"Carovana\",\"item\":\"https:\/\/fraternidadesemfronteiras.ch\/it\/carovana\/\"},{\"@type\":\"ListItem\",\"position\":3,\"name\":\"Mozambico\"}]},{\"@type\":\"WebSite\",\"@id\":\"https:\/\/fraternidadesemfronteiras.ch\/#website\",\"url\":\"https:\/\/fraternidadesemfronteiras.ch\/\",\"name\":\"Fraternidade Sem Fronteiras\",\"description\":\"Somos uma organiza\u00e7\u00e3o humanit\u00e1ria que atua em alguns dos lugares mais pobres do planeta\",\"potentialAction\":[{\"@type\":\"SearchAction\",\"target\":{\"@type\":\"EntryPoint\",\"urlTemplate\":\"https:\/\/fraternidadesemfronteiras.ch\/?s={search_term_string}\"},\"query-input\":{\"@type\":\"PropertyValueSpecification\",\"valueRequired\":true,\"valueName\":\"search_term_string\"}}],\"inLanguage\":\"it-IT\"}]}<\/script>\n<!-- \/ Yoast SEO plugin. -->","yoast_head_json":{"title":"Mozambico - Fraternidade Sem Fronteiras","robots":{"index":"index","follow":"follow","max-snippet":"max-snippet:-1","max-image-preview":"max-image-preview:large","max-video-preview":"max-video-preview:-1"},"canonical":"https:\/\/fraternidadesemfronteiras.ch\/it\/carovana\/mozambico\/","og_locale":"it_IT","og_type":"article","og_title":"Mozambico - Fraternidade Sem Fronteiras","og_description":"Carovana Voglio contribuire DESTINAZIONE: Mozambico Il primo progetto abbracciato in Africa dalla Fraternit\u00e0. Continua a nutrire non solo il corpo, attraverso il cibo, ma anche l&#8217;anima attraverso lo studio e la professionalizzazione dei bambini e dei giovani. iscrizione ALLA CAROVANA Questa Carovana ha lo scopo di portare la fraternit\u00e0 in tutti gli angoli del Mozambico, [&hellip;]","og_url":"https:\/\/fraternidadesemfronteiras.ch\/it\/carovana\/mozambico\/","og_site_name":"Fraternidade Sem Fronteiras","article_modified_time":"2024-11-30T13:55:05+00:00","og_image":[{"width":1300,"height":1300,"url":"https:\/\/fraternidadesemfronteiras.ch\/wp-content\/uploads\/2024\/11\/Mocambique_POST_Caravana2024SUICA2-italiano.webp","type":"image\/webp"}],"twitter_card":"summary_large_image","twitter_misc":{"Tempo di lettura stimato":"2 minuti"},"schema":{"@context":"https:\/\/schema.org","@graph":[{"@type":"WebPage","@id":"https:\/\/fraternidadesemfronteiras.ch\/it\/carovana\/mozambico\/","url":"https:\/\/fraternidadesemfronteiras.ch\/it\/carovana\/mozambico\/","name":"Mozambico - Fraternidade Sem Fronteiras","isPartOf":{"@id":"https:\/\/fraternidadesemfronteiras.ch\/#website"},"primaryImageOfPage":{"@id":"https:\/\/fraternidadesemfronteiras.ch\/it\/carovana\/mozambico\/#primaryimage"},"image":{"@id":"https:\/\/fraternidadesemfronteiras.ch\/it\/carovana\/mozambico\/#primaryimage"},"thumbnailUrl":"https:\/\/fraternidadesemfronteiras.ch\/wp-content\/uploads\/2024\/11\/Mocambique_POST_Caravana2024SUICA2-italiano-1024x1024.webp","datePublished":"2024-10-05T19:06:34+00:00","dateModified":"2024-11-30T13:55:05+00:00","breadcrumb":{"@id":"https:\/\/fraternidadesemfronteiras.ch\/it\/carovana\/mozambico\/#breadcrumb"},"inLanguage":"it-IT","potentialAction":[{"@type":"ReadAction","target":["https:\/\/fraternidadesemfronteiras.ch\/it\/carovana\/mozambico\/"]}]},{"@type":"ImageObject","inLanguage":"it-IT","@id":"https:\/\/fraternidadesemfronteiras.ch\/it\/carovana\/mozambico\/#primaryimage","url":"https:\/\/fraternidadesemfronteiras.ch\/wp-content\/uploads\/2024\/11\/Mocambique_POST_Caravana2024SUICA2-italiano-1024x1024.webp","contentUrl":"https:\/\/fraternidadesemfronteiras.ch\/wp-content\/uploads\/2024\/11\/Mocambique_POST_Caravana2024SUICA2-italiano-1024x1024.webp"},{"@type":"BreadcrumbList","@id":"https:\/\/fraternidadesemfronteiras.ch\/it\/carovana\/mozambico\/#breadcrumb","itemListElement":[{"@type":"ListItem","position":1,"name":"Home","item":"https:\/\/fraternidadesemfronteiras.ch\/"},{"@type":"ListItem","position":2,"name":"Carovana","item":"https:\/\/fraternidadesemfronteiras.ch\/it\/carovana\/"},{"@type":"ListItem","position":3,"name":"Mozambico"}]},{"@type":"WebSite","@id":"https:\/\/fraternidadesemfronteiras.ch\/#website","url":"https:\/\/fraternidadesemfronteiras.ch\/","name":"Fraternidade Sem Fronteiras","description":"Somos uma organiza\u00e7\u00e3o humanit\u00e1ria que atua em alguns dos lugares mais pobres do planeta","potentialAction":[{"@type":"SearchAction","target":{"@type":"EntryPoint","urlTemplate":"https:\/\/fraternidadesemfronteiras.ch\/?s={search_term_string}"},"query-input":{"@type":"PropertyValueSpecification","valueRequired":true,"valueName":"search_term_string"}}],"inLanguage":"it-IT"}]}},"_links":{"self":[{"href":"https:\/\/fraternidadesemfronteiras.ch\/it\/wp-json\/wp\/v2\/pages\/9012","targetHints":{"allow":["GET"]}}],"collection":[{"href":"https:\/\/fraternidadesemfronteiras.ch\/it\/wp-json\/wp\/v2\/pages"}],"about":[{"href":"https:\/\/fraternidadesemfronteiras.ch\/it\/wp-json\/wp\/v2\/types\/page"}],"author":[{"embeddable":true,"href":"https:\/\/fraternidadesemfronteiras.ch\/it\/wp-json\/wp\/v2\/users\/22"}],"replies":[{"embeddable":true,"href":"https:\/\/fraternidadesemfronteiras.ch\/it\/wp-json\/wp\/v2\/comments?post=9012"}],"version-history":[{"count":10,"href":"https:\/\/fraternidadesemfronteiras.ch\/it\/wp-json\/wp\/v2\/pages\/9012\/revisions"}],"predecessor-version":[{"id":9032,"href":"https:\/\/fraternidadesemfronteiras.ch\/it\/wp-json\/wp\/v2\/pages\/9012\/revisions\/9032"}],"up":[{"embeddable":true,"href":"https:\/\/fraternidadesemfronteiras.ch\/it\/wp-json\/wp\/v2\/pages\/9002"}],"wp:attachment":[{"href":"https:\/\/fraternidadesemfronteiras.ch\/it\/wp-json\/wp\/v2\/media?parent=9012"}],"curies":[{"name":"wp","href":"https:\/\/api.w.org\/{rel}","templated":true}]}}