{"id":7397,"date":"2022-03-16T11:52:28","date_gmt":"2022-03-16T14:52:28","guid":{"rendered":"https:\/\/fraternidadesemfronteiras.ch\/produto\/livre-ubuntu\/"},"modified":"2022-03-16T11:52:28","modified_gmt":"2022-03-16T14:52:28","slug":"livre-ubuntu","status":"publish","type":"product","link":"https:\/\/fraternidadesemfronteiras.ch\/fr\/produto\/livre-ubuntu\/","title":{"rendered":"LIVRE UBUNTU"},"content":{"rendered":"","protected":false},"excerpt":{"rendered":"<p>Quiconque veut conna\u00eetre les premiers pas de la Fraternit\u00e9 Sans Fronti\u00e8res (FSF) et profiter un peu de la sensation ressentie par les caravaniers en visite en Afrique est invit\u00e9 \u00e0 lire le livre \u00ab Ubuntu : Un Peuple, Un C\u0153ur \u00bb. Sign\u00e9 par Wellerson Santos, \u00e9crivain et coordinateur de la FSF Education Caravan, il apporte des t\u00e9moignages de parrains, caravaniers et moniteurs, en plus de conduire le lecteur sur les routes de la fraternit\u00e9 du Mozambique.<\/p>\n","protected":false},"featured_media":5096,"template":"","meta":[],"product_brand":[],"product_cat":[281],"product_tag":[],"class_list":{"0":"post-7397","1":"product","2":"type-product","3":"status-publish","4":"has-post-thumbnail","6":"product_cat-livres","8":"first","9":"instock","10":"shipping-taxable","11":"purchasable","12":"product-type-simple"},"yoast_head":"<!-- This site is optimized with the Yoast SEO plugin v27.4 - https:\/\/yoast.com\/product\/yoast-seo-wordpress\/ -->\n<title>LIVRE UBUNTU - Fraternidade Sem Fronteiras<\/title>\n<meta name=\"robots\" content=\"index, follow, max-snippet:-1, max-image-preview:large, max-video-preview:-1\" \/>\n<link rel=\"canonical\" href=\"https:\/\/fraternidadesemfronteiras.ch\/fr\/produto\/livre-ubuntu\/\" \/>\n<meta property=\"og:locale\" content=\"fr_FR\" \/>\n<meta property=\"og:type\" content=\"article\" \/>\n<meta property=\"og:title\" content=\"LIVRE UBUNTU - Fraternidade Sem Fronteiras\" \/>\n<meta property=\"og:description\" content=\"Quiconque veut conna\u00eetre les premiers pas de la Fraternit\u00e9 Sans Fronti\u00e8res (FSF) et profiter un peu de la sensation ressentie par les caravaniers en visite en Afrique est invit\u00e9 \u00e0 lire le livre \u00ab Ubuntu : Un Peuple, Un C\u0153ur \u00bb. Sign\u00e9 par Wellerson Santos, \u00e9crivain et coordinateur de la FSF Education Caravan, il apporte des t\u00e9moignages de parrains, caravaniers et moniteurs, en plus de conduire le lecteur sur les routes de la fraternit\u00e9 du Mozambique.\" \/>\n<meta property=\"og:url\" content=\"https:\/\/fraternidadesemfronteiras.ch\/fr\/produto\/livre-ubuntu\/\" \/>\n<meta property=\"og:site_name\" content=\"Fraternidade Sem Fronteiras\" \/>\n<meta property=\"og:image\" content=\"https:\/\/fraternidadesemfronteiras.ch\/wp-content\/uploads\/2022\/03\/Livro-ubuntu-wellersonsantos_centraldepresentesfsf.jpg\" \/>\n\t<meta property=\"og:image:width\" content=\"425\" \/>\n\t<meta property=\"og:image:height\" content=\"600\" \/>\n\t<meta property=\"og:image:type\" content=\"image\/jpeg\" \/>\n<meta name=\"twitter:card\" content=\"summary_large_image\" \/>\n<script type=\"application\/ld+json\" class=\"yoast-schema-graph\">{\"@context\":\"https:\\\/\\\/schema.org\",\"@graph\":[{\"@type\":\"WebPage\",\"@id\":\"https:\\\/\\\/fraternidadesemfronteiras.ch\\\/fr\\\/produto\\\/livre-ubuntu\\\/\",\"url\":\"https:\\\/\\\/fraternidadesemfronteiras.ch\\\/fr\\\/produto\\\/livre-ubuntu\\\/\",\"name\":\"LIVRE UBUNTU - Fraternidade Sem Fronteiras\",\"isPartOf\":{\"@id\":\"https:\\\/\\\/fraternidadesemfronteiras.ch\\\/#website\"},\"primaryImageOfPage\":{\"@id\":\"https:\\\/\\\/fraternidadesemfronteiras.ch\\\/fr\\\/produto\\\/livre-ubuntu\\\/#primaryimage\"},\"image\":{\"@id\":\"https:\\\/\\\/fraternidadesemfronteiras.ch\\\/fr\\\/produto\\\/livre-ubuntu\\\/#primaryimage\"},\"thumbnailUrl\":\"https:\\\/\\\/fraternidadesemfronteiras.ch\\\/wp-content\\\/uploads\\\/2022\\\/03\\\/Livro-ubuntu-wellersonsantos_centraldepresentesfsf.jpg\",\"datePublished\":\"2022-03-16T14:52:28+00:00\",\"breadcrumb\":{\"@id\":\"https:\\\/\\\/fraternidadesemfronteiras.ch\\\/fr\\\/produto\\\/livre-ubuntu\\\/#breadcrumb\"},\"inLanguage\":\"fr-FR\",\"potentialAction\":[{\"@type\":\"ReadAction\",\"target\":[\"https:\\\/\\\/fraternidadesemfronteiras.ch\\\/fr\\\/produto\\\/livre-ubuntu\\\/\"]}]},{\"@type\":\"ImageObject\",\"inLanguage\":\"fr-FR\",\"@id\":\"https:\\\/\\\/fraternidadesemfronteiras.ch\\\/fr\\\/produto\\\/livre-ubuntu\\\/#primaryimage\",\"url\":\"https:\\\/\\\/fraternidadesemfronteiras.ch\\\/wp-content\\\/uploads\\\/2022\\\/03\\\/Livro-ubuntu-wellersonsantos_centraldepresentesfsf.jpg\",\"contentUrl\":\"https:\\\/\\\/fraternidadesemfronteiras.ch\\\/wp-content\\\/uploads\\\/2022\\\/03\\\/Livro-ubuntu-wellersonsantos_centraldepresentesfsf.jpg\",\"width\":425,\"height\":600},{\"@type\":\"BreadcrumbList\",\"@id\":\"https:\\\/\\\/fraternidadesemfronteiras.ch\\\/fr\\\/produto\\\/livre-ubuntu\\\/#breadcrumb\",\"itemListElement\":[{\"@type\":\"ListItem\",\"position\":1,\"name\":\"Home\",\"item\":\"https:\\\/\\\/fraternidadesemfronteiras.ch\\\/\"},{\"@type\":\"ListItem\",\"position\":2,\"name\":\"Magasin Solidaire\",\"item\":\"https:\\\/\\\/fraternidadesemfronteiras.ch\\\/loja\\\/\"},{\"@type\":\"ListItem\",\"position\":3,\"name\":\"LIVRE UBUNTU\"}]},{\"@type\":\"WebSite\",\"@id\":\"https:\\\/\\\/fraternidadesemfronteiras.ch\\\/#website\",\"url\":\"https:\\\/\\\/fraternidadesemfronteiras.ch\\\/\",\"name\":\"Fraternidade Sem Fronteiras\",\"description\":\"Somos uma organiza\u00e7\u00e3o humanit\u00e1ria que atua em alguns dos lugares mais pobres do planeta\",\"potentialAction\":[{\"@type\":\"SearchAction\",\"target\":{\"@type\":\"EntryPoint\",\"urlTemplate\":\"https:\\\/\\\/fraternidadesemfronteiras.ch\\\/?s={search_term_string}\"},\"query-input\":{\"@type\":\"PropertyValueSpecification\",\"valueRequired\":true,\"valueName\":\"search_term_string\"}}],\"inLanguage\":\"fr-FR\"}]}<\/script>\n<!-- \/ Yoast SEO plugin. -->","yoast_head_json":{"title":"LIVRE UBUNTU - Fraternidade Sem Fronteiras","robots":{"index":"index","follow":"follow","max-snippet":"max-snippet:-1","max-image-preview":"max-image-preview:large","max-video-preview":"max-video-preview:-1"},"canonical":"https:\/\/fraternidadesemfronteiras.ch\/fr\/produto\/livre-ubuntu\/","og_locale":"fr_FR","og_type":"article","og_title":"LIVRE UBUNTU - Fraternidade Sem Fronteiras","og_description":"Quiconque veut conna\u00eetre les premiers pas de la Fraternit\u00e9 Sans Fronti\u00e8res (FSF) et profiter un peu de la sensation ressentie par les caravaniers en visite en Afrique est invit\u00e9 \u00e0 lire le livre \u00ab Ubuntu : Un Peuple, Un C\u0153ur \u00bb. Sign\u00e9 par Wellerson Santos, \u00e9crivain et coordinateur de la FSF Education Caravan, il apporte des t\u00e9moignages de parrains, caravaniers et moniteurs, en plus de conduire le lecteur sur les routes de la fraternit\u00e9 du Mozambique.","og_url":"https:\/\/fraternidadesemfronteiras.ch\/fr\/produto\/livre-ubuntu\/","og_site_name":"Fraternidade Sem Fronteiras","og_image":[{"width":425,"height":600,"url":"https:\/\/fraternidadesemfronteiras.ch\/wp-content\/uploads\/2022\/03\/Livro-ubuntu-wellersonsantos_centraldepresentesfsf.jpg","type":"image\/jpeg"}],"twitter_card":"summary_large_image","schema":{"@context":"https:\/\/schema.org","@graph":[{"@type":"WebPage","@id":"https:\/\/fraternidadesemfronteiras.ch\/fr\/produto\/livre-ubuntu\/","url":"https:\/\/fraternidadesemfronteiras.ch\/fr\/produto\/livre-ubuntu\/","name":"LIVRE UBUNTU - Fraternidade Sem Fronteiras","isPartOf":{"@id":"https:\/\/fraternidadesemfronteiras.ch\/#website"},"primaryImageOfPage":{"@id":"https:\/\/fraternidadesemfronteiras.ch\/fr\/produto\/livre-ubuntu\/#primaryimage"},"image":{"@id":"https:\/\/fraternidadesemfronteiras.ch\/fr\/produto\/livre-ubuntu\/#primaryimage"},"thumbnailUrl":"https:\/\/fraternidadesemfronteiras.ch\/wp-content\/uploads\/2022\/03\/Livro-ubuntu-wellersonsantos_centraldepresentesfsf.jpg","datePublished":"2022-03-16T14:52:28+00:00","breadcrumb":{"@id":"https:\/\/fraternidadesemfronteiras.ch\/fr\/produto\/livre-ubuntu\/#breadcrumb"},"inLanguage":"fr-FR","potentialAction":[{"@type":"ReadAction","target":["https:\/\/fraternidadesemfronteiras.ch\/fr\/produto\/livre-ubuntu\/"]}]},{"@type":"ImageObject","inLanguage":"fr-FR","@id":"https:\/\/fraternidadesemfronteiras.ch\/fr\/produto\/livre-ubuntu\/#primaryimage","url":"https:\/\/fraternidadesemfronteiras.ch\/wp-content\/uploads\/2022\/03\/Livro-ubuntu-wellersonsantos_centraldepresentesfsf.jpg","contentUrl":"https:\/\/fraternidadesemfronteiras.ch\/wp-content\/uploads\/2022\/03\/Livro-ubuntu-wellersonsantos_centraldepresentesfsf.jpg","width":425,"height":600},{"@type":"BreadcrumbList","@id":"https:\/\/fraternidadesemfronteiras.ch\/fr\/produto\/livre-ubuntu\/#breadcrumb","itemListElement":[{"@type":"ListItem","position":1,"name":"Home","item":"https:\/\/fraternidadesemfronteiras.ch\/"},{"@type":"ListItem","position":2,"name":"Magasin Solidaire","item":"https:\/\/fraternidadesemfronteiras.ch\/loja\/"},{"@type":"ListItem","position":3,"name":"LIVRE UBUNTU"}]},{"@type":"WebSite","@id":"https:\/\/fraternidadesemfronteiras.ch\/#website","url":"https:\/\/fraternidadesemfronteiras.ch\/","name":"Fraternidade Sem Fronteiras","description":"Somos uma organiza\u00e7\u00e3o humanit\u00e1ria que atua em alguns dos lugares mais pobres do planeta","potentialAction":[{"@type":"SearchAction","target":{"@type":"EntryPoint","urlTemplate":"https:\/\/fraternidadesemfronteiras.ch\/?s={search_term_string}"},"query-input":{"@type":"PropertyValueSpecification","valueRequired":true,"valueName":"search_term_string"}}],"inLanguage":"fr-FR"}]}},"_links":{"self":[{"href":"https:\/\/fraternidadesemfronteiras.ch\/fr\/wp-json\/wp\/v2\/product\/7397","targetHints":{"allow":["GET"]}}],"collection":[{"href":"https:\/\/fraternidadesemfronteiras.ch\/fr\/wp-json\/wp\/v2\/product"}],"about":[{"href":"https:\/\/fraternidadesemfronteiras.ch\/fr\/wp-json\/wp\/v2\/types\/product"}],"version-history":[{"count":0,"href":"https:\/\/fraternidadesemfronteiras.ch\/fr\/wp-json\/wp\/v2\/product\/7397\/revisions"}],"wp:featuredmedia":[{"embeddable":true,"href":"https:\/\/fraternidadesemfronteiras.ch\/fr\/wp-json\/wp\/v2\/media\/5096"}],"wp:attachment":[{"href":"https:\/\/fraternidadesemfronteiras.ch\/fr\/wp-json\/wp\/v2\/media?parent=7397"}],"wp:term":[{"taxonomy":"product_brand","embeddable":true,"href":"https:\/\/fraternidadesemfronteiras.ch\/fr\/wp-json\/wp\/v2\/product_brand?post=7397"},{"taxonomy":"product_cat","embeddable":true,"href":"https:\/\/fraternidadesemfronteiras.ch\/fr\/wp-json\/wp\/v2\/product_cat?post=7397"},{"taxonomy":"product_tag","embeddable":true,"href":"https:\/\/fraternidadesemfronteiras.ch\/fr\/wp-json\/wp\/v2\/product_tag?post=7397"}],"curies":[{"name":"wp","href":"https:\/\/api.w.org\/{rel}","templated":true}]}}