{"id":7373,"date":"2022-03-16T17:35:53","date_gmt":"2022-03-16T20:35:53","guid":{"rendered":"https:\/\/fraternidadesemfronteiras.ch\/produto\/chemise-exclusive\/"},"modified":"2022-05-07T14:52:42","modified_gmt":"2022-05-07T17:52:42","slug":"chemise-exclusive","status":"publish","type":"product","link":"https:\/\/fraternidadesemfronteiras.ch\/fr\/produto\/chemise-exclusive\/","title":{"rendered":"CHEMISE EXCLUSIVE"},"content":{"rendered":"<p>Aidez \u00e0 porter le message de la fraternit\u00e9 plus loin.<\/p>\n<p>Lorsque vous achetez un t-shirt, vous faites un don en cadeau. Ce geste contribue aux efforts de gestion de la cause humanitaire qui accueille des enfants d&rsquo;Afrique et d\u00e9veloppe \u00e9galement des projets sociaux au Br\u00e9sil.<\/p>\n<p>Mains et c\u0153urs unis pour un monde meilleur.<\/p>\n","protected":false},"excerpt":{"rendered":"<p>Aidez \u00e0 porter le message de la fraternit\u00e9 plus loin.<\/p>\n<p>Lorsque vous achetez un t-shirt, vous faites un don en cadeau. Ce geste contribue aux efforts de gestion de la cause humanitaire qui accueille des enfants d&rsquo;Afrique et d\u00e9veloppe \u00e9galement des projets sociaux au Br\u00e9sil.<\/p>\n<p>Mains et c\u0153urs unis pour un monde meilleur.<\/p>\n","protected":false},"featured_media":7369,"template":"","meta":[],"product_brand":[],"product_cat":[271],"product_tag":[],"class_list":{"0":"post-7373","1":"product","2":"type-product","3":"status-publish","4":"has-post-thumbnail","6":"product_cat-vetements","8":"first","9":"instock","10":"shipping-taxable","11":"purchasable","12":"product-type-simple"},"yoast_head":"<!-- This site is optimized with the Yoast SEO plugin v27.4 - https:\/\/yoast.com\/product\/yoast-seo-wordpress\/ -->\n<title>CHEMISE EXCLUSIVE - Fraternidade Sem Fronteiras<\/title>\n<meta name=\"robots\" content=\"index, follow, max-snippet:-1, max-image-preview:large, max-video-preview:-1\" \/>\n<link rel=\"canonical\" href=\"https:\/\/fraternidadesemfronteiras.ch\/produto\/camiseta-exclusiva\/\" \/>\n<meta property=\"og:locale\" content=\"fr_FR\" \/>\n<meta property=\"og:type\" content=\"article\" \/>\n<meta property=\"og:title\" content=\"CHEMISE EXCLUSIVE - Fraternidade Sem Fronteiras\" \/>\n<meta property=\"og:description\" content=\"Aidez \u00e0 porter le message de la fraternit\u00e9 plus loin.  Lorsque vous achetez un t-shirt, vous faites un don en cadeau. Ce geste contribue aux efforts de gestion de la cause humanitaire qui accueille des enfants d&#039;Afrique et d\u00e9veloppe \u00e9galement des projets sociaux au Br\u00e9sil.  Mains et c\u0153urs unis pour un monde meilleur.\" \/>\n<meta property=\"og:url\" content=\"https:\/\/fraternidadesemfronteiras.ch\/produto\/camiseta-exclusiva\/\" \/>\n<meta property=\"og:site_name\" content=\"Fraternidade Sem Fronteiras\" \/>\n<meta property=\"article:modified_time\" content=\"2022-05-07T17:52:42+00:00\" \/>\n<meta property=\"og:image\" content=\"https:\/\/fraternidadesemfronteiras.ch\/wp-content\/uploads\/2022\/03\/Gianecchini_Fraternidade_sem_Fronteiras_camiseta_rosa_pink.webp\" \/>\n\t<meta property=\"og:image:width\" content=\"425\" \/>\n\t<meta property=\"og:image:height\" content=\"600\" \/>\n\t<meta property=\"og:image:type\" content=\"image\/webp\" \/>\n<meta name=\"twitter:card\" content=\"summary_large_image\" \/>\n<script type=\"application\/ld+json\" class=\"yoast-schema-graph\">{\"@context\":\"https:\\\/\\\/schema.org\",\"@graph\":[{\"@type\":\"WebPage\",\"@id\":\"https:\\\/\\\/fraternidadesemfronteiras.ch\\\/produto\\\/camiseta-exclusiva\\\/\",\"url\":\"https:\\\/\\\/fraternidadesemfronteiras.ch\\\/produto\\\/camiseta-exclusiva\\\/\",\"name\":\"CHEMISE EXCLUSIVE - Fraternidade Sem Fronteiras\",\"isPartOf\":{\"@id\":\"https:\\\/\\\/fraternidadesemfronteiras.ch\\\/#website\"},\"primaryImageOfPage\":{\"@id\":\"https:\\\/\\\/fraternidadesemfronteiras.ch\\\/produto\\\/camiseta-exclusiva\\\/#primaryimage\"},\"image\":{\"@id\":\"https:\\\/\\\/fraternidadesemfronteiras.ch\\\/produto\\\/camiseta-exclusiva\\\/#primaryimage\"},\"thumbnailUrl\":\"https:\\\/\\\/fraternidadesemfronteiras.ch\\\/wp-content\\\/uploads\\\/2022\\\/03\\\/Gianecchini_Fraternidade_sem_Fronteiras_camiseta_rosa_pink.webp\",\"datePublished\":\"2022-03-16T20:35:53+00:00\",\"dateModified\":\"2022-05-07T17:52:42+00:00\",\"breadcrumb\":{\"@id\":\"https:\\\/\\\/fraternidadesemfronteiras.ch\\\/produto\\\/camiseta-exclusiva\\\/#breadcrumb\"},\"inLanguage\":\"fr-FR\",\"potentialAction\":[{\"@type\":\"ReadAction\",\"target\":[\"https:\\\/\\\/fraternidadesemfronteiras.ch\\\/produto\\\/camiseta-exclusiva\\\/\"]}]},{\"@type\":\"ImageObject\",\"inLanguage\":\"fr-FR\",\"@id\":\"https:\\\/\\\/fraternidadesemfronteiras.ch\\\/produto\\\/camiseta-exclusiva\\\/#primaryimage\",\"url\":\"https:\\\/\\\/fraternidadesemfronteiras.ch\\\/wp-content\\\/uploads\\\/2022\\\/03\\\/Gianecchini_Fraternidade_sem_Fronteiras_camiseta_rosa_pink.webp\",\"contentUrl\":\"https:\\\/\\\/fraternidadesemfronteiras.ch\\\/wp-content\\\/uploads\\\/2022\\\/03\\\/Gianecchini_Fraternidade_sem_Fronteiras_camiseta_rosa_pink.webp\",\"width\":425,\"height\":600},{\"@type\":\"BreadcrumbList\",\"@id\":\"https:\\\/\\\/fraternidadesemfronteiras.ch\\\/produto\\\/camiseta-exclusiva\\\/#breadcrumb\",\"itemListElement\":[{\"@type\":\"ListItem\",\"position\":1,\"name\":\"Home\",\"item\":\"https:\\\/\\\/fraternidadesemfronteiras.ch\\\/\"},{\"@type\":\"ListItem\",\"position\":2,\"name\":\"Magasin Solidaire\",\"item\":\"https:\\\/\\\/fraternidadesemfronteiras.ch\\\/loja\\\/\"},{\"@type\":\"ListItem\",\"position\":3,\"name\":\"CHEMISE EXCLUSIVE\"}]},{\"@type\":\"WebSite\",\"@id\":\"https:\\\/\\\/fraternidadesemfronteiras.ch\\\/#website\",\"url\":\"https:\\\/\\\/fraternidadesemfronteiras.ch\\\/\",\"name\":\"Fraternidade Sem Fronteiras\",\"description\":\"Somos uma organiza\u00e7\u00e3o humanit\u00e1ria que atua em alguns dos lugares mais pobres do planeta\",\"potentialAction\":[{\"@type\":\"SearchAction\",\"target\":{\"@type\":\"EntryPoint\",\"urlTemplate\":\"https:\\\/\\\/fraternidadesemfronteiras.ch\\\/?s={search_term_string}\"},\"query-input\":{\"@type\":\"PropertyValueSpecification\",\"valueRequired\":true,\"valueName\":\"search_term_string\"}}],\"inLanguage\":\"fr-FR\"}]}<\/script>\n<!-- \/ Yoast SEO plugin. -->","yoast_head_json":{"title":"CHEMISE EXCLUSIVE - Fraternidade Sem Fronteiras","robots":{"index":"index","follow":"follow","max-snippet":"max-snippet:-1","max-image-preview":"max-image-preview:large","max-video-preview":"max-video-preview:-1"},"canonical":"https:\/\/fraternidadesemfronteiras.ch\/produto\/camiseta-exclusiva\/","og_locale":"fr_FR","og_type":"article","og_title":"CHEMISE EXCLUSIVE - Fraternidade Sem Fronteiras","og_description":"Aidez \u00e0 porter le message de la fraternit\u00e9 plus loin.  Lorsque vous achetez un t-shirt, vous faites un don en cadeau. Ce geste contribue aux efforts de gestion de la cause humanitaire qui accueille des enfants d'Afrique et d\u00e9veloppe \u00e9galement des projets sociaux au Br\u00e9sil.  Mains et c\u0153urs unis pour un monde meilleur.","og_url":"https:\/\/fraternidadesemfronteiras.ch\/produto\/camiseta-exclusiva\/","og_site_name":"Fraternidade Sem Fronteiras","article_modified_time":"2022-05-07T17:52:42+00:00","og_image":[{"width":425,"height":600,"url":"https:\/\/fraternidadesemfronteiras.ch\/wp-content\/uploads\/2022\/03\/Gianecchini_Fraternidade_sem_Fronteiras_camiseta_rosa_pink.webp","type":"image\/webp"}],"twitter_card":"summary_large_image","schema":{"@context":"https:\/\/schema.org","@graph":[{"@type":"WebPage","@id":"https:\/\/fraternidadesemfronteiras.ch\/produto\/camiseta-exclusiva\/","url":"https:\/\/fraternidadesemfronteiras.ch\/produto\/camiseta-exclusiva\/","name":"CHEMISE EXCLUSIVE - Fraternidade Sem Fronteiras","isPartOf":{"@id":"https:\/\/fraternidadesemfronteiras.ch\/#website"},"primaryImageOfPage":{"@id":"https:\/\/fraternidadesemfronteiras.ch\/produto\/camiseta-exclusiva\/#primaryimage"},"image":{"@id":"https:\/\/fraternidadesemfronteiras.ch\/produto\/camiseta-exclusiva\/#primaryimage"},"thumbnailUrl":"https:\/\/fraternidadesemfronteiras.ch\/wp-content\/uploads\/2022\/03\/Gianecchini_Fraternidade_sem_Fronteiras_camiseta_rosa_pink.webp","datePublished":"2022-03-16T20:35:53+00:00","dateModified":"2022-05-07T17:52:42+00:00","breadcrumb":{"@id":"https:\/\/fraternidadesemfronteiras.ch\/produto\/camiseta-exclusiva\/#breadcrumb"},"inLanguage":"fr-FR","potentialAction":[{"@type":"ReadAction","target":["https:\/\/fraternidadesemfronteiras.ch\/produto\/camiseta-exclusiva\/"]}]},{"@type":"ImageObject","inLanguage":"fr-FR","@id":"https:\/\/fraternidadesemfronteiras.ch\/produto\/camiseta-exclusiva\/#primaryimage","url":"https:\/\/fraternidadesemfronteiras.ch\/wp-content\/uploads\/2022\/03\/Gianecchini_Fraternidade_sem_Fronteiras_camiseta_rosa_pink.webp","contentUrl":"https:\/\/fraternidadesemfronteiras.ch\/wp-content\/uploads\/2022\/03\/Gianecchini_Fraternidade_sem_Fronteiras_camiseta_rosa_pink.webp","width":425,"height":600},{"@type":"BreadcrumbList","@id":"https:\/\/fraternidadesemfronteiras.ch\/produto\/camiseta-exclusiva\/#breadcrumb","itemListElement":[{"@type":"ListItem","position":1,"name":"Home","item":"https:\/\/fraternidadesemfronteiras.ch\/"},{"@type":"ListItem","position":2,"name":"Magasin Solidaire","item":"https:\/\/fraternidadesemfronteiras.ch\/loja\/"},{"@type":"ListItem","position":3,"name":"CHEMISE EXCLUSIVE"}]},{"@type":"WebSite","@id":"https:\/\/fraternidadesemfronteiras.ch\/#website","url":"https:\/\/fraternidadesemfronteiras.ch\/","name":"Fraternidade Sem Fronteiras","description":"Somos uma organiza\u00e7\u00e3o humanit\u00e1ria que atua em alguns dos lugares mais pobres do planeta","potentialAction":[{"@type":"SearchAction","target":{"@type":"EntryPoint","urlTemplate":"https:\/\/fraternidadesemfronteiras.ch\/?s={search_term_string}"},"query-input":{"@type":"PropertyValueSpecification","valueRequired":true,"valueName":"search_term_string"}}],"inLanguage":"fr-FR"}]}},"_links":{"self":[{"href":"https:\/\/fraternidadesemfronteiras.ch\/fr\/wp-json\/wp\/v2\/product\/7373","targetHints":{"allow":["GET"]}}],"collection":[{"href":"https:\/\/fraternidadesemfronteiras.ch\/fr\/wp-json\/wp\/v2\/product"}],"about":[{"href":"https:\/\/fraternidadesemfronteiras.ch\/fr\/wp-json\/wp\/v2\/types\/product"}],"version-history":[{"count":0,"href":"https:\/\/fraternidadesemfronteiras.ch\/fr\/wp-json\/wp\/v2\/product\/7373\/revisions"}],"wp:featuredmedia":[{"embeddable":true,"href":"https:\/\/fraternidadesemfronteiras.ch\/fr\/wp-json\/wp\/v2\/media\/7369"}],"wp:attachment":[{"href":"https:\/\/fraternidadesemfronteiras.ch\/fr\/wp-json\/wp\/v2\/media?parent=7373"}],"wp:term":[{"taxonomy":"product_brand","embeddable":true,"href":"https:\/\/fraternidadesemfronteiras.ch\/fr\/wp-json\/wp\/v2\/product_brand?post=7373"},{"taxonomy":"product_cat","embeddable":true,"href":"https:\/\/fraternidadesemfronteiras.ch\/fr\/wp-json\/wp\/v2\/product_cat?post=7373"},{"taxonomy":"product_tag","embeddable":true,"href":"https:\/\/fraternidadesemfronteiras.ch\/fr\/wp-json\/wp\/v2\/product_tag?post=7373"}],"curies":[{"name":"wp","href":"https:\/\/api.w.org\/{rel}","templated":true}]}}