{"id":8891,"date":"2024-10-05T16:06:34","date_gmt":"2024-10-05T19:06:34","guid":{"rendered":"https:\/\/fraternidadesemfronteiras.ch\/?page_id=8891"},"modified":"2024-11-07T15:08:28","modified_gmt":"2024-11-07T18:08:28","slug":"mozambique","status":"publish","type":"page","link":"https:\/\/fraternidadesemfronteiras.ch\/fr\/caravanes\/mozambique\/","title":{"rendered":"Mozambique"},"content":{"rendered":"\t\t<div data-elementor-type=\"wp-page\" data-elementor-id=\"8891\" class=\"elementor elementor-8891 elementor-8767\" data-elementor-post-type=\"page\">\n\t\t\t\t\t\t<section class=\"elementor-section elementor-top-section elementor-element elementor-element-2c73e47 elementor-section-height-min-height elementor-section-boxed elementor-section-height-default elementor-section-items-middle\" data-id=\"2c73e47\" data-element_type=\"section\" data-e-type=\"section\" data-settings=\"{&quot;background_background&quot;:&quot;classic&quot;}\">\n\t\t\t\t\t\t<div class=\"elementor-container elementor-column-gap-default\">\n\t\t\t\t\t<div class=\"elementor-column elementor-col-100 elementor-top-column elementor-element elementor-element-f9c56f9\" data-id=\"f9c56f9\" data-element_type=\"column\" data-e-type=\"column\">\n\t\t\t<div class=\"elementor-widget-wrap elementor-element-populated\">\n\t\t\t\t\t\t<div class=\"elementor-element elementor-element-dbce4a1 elementor-widget elementor-widget-heading\" data-id=\"dbce4a1\" data-element_type=\"widget\" data-e-type=\"widget\" data-widget_type=\"heading.default\">\n\t\t\t\t<div class=\"elementor-widget-container\">\n\t\t\t\t\t<h1 class=\"elementor-heading-title elementor-size-default\">CARAVANES<\/h1>\t\t\t\t<\/div>\n\t\t\t\t<\/div>\n\t\t\t\t<div class=\"elementor-element elementor-element-997d9d7 elementor-align-center elementor-widget elementor-widget-button\" data-id=\"997d9d7\" data-element_type=\"widget\" data-e-type=\"widget\" data-widget_type=\"button.default\">\n\t\t\t\t<div class=\"elementor-widget-container\">\n\t\t\t\t\t\t\t\t\t<div class=\"elementor-button-wrapper\">\n\t\t\t\t\t<a class=\"elementor-button elementor-button-link elementor-size-sm\" href=\"https:\/\/fraternidadesemfronteiras.ch\/fr\/formulairededon\/\">\n\t\t\t\t\t\t<span class=\"elementor-button-content-wrapper\">\n\t\t\t\t\t\t\t\t\t<span class=\"elementor-button-text\">Je veux contribuer<\/span>\n\t\t\t\t\t<\/span>\n\t\t\t\t\t<\/a>\n\t\t\t\t<\/div>\n\t\t\t\t\t\t\t\t<\/div>\n\t\t\t\t<\/div>\n\t\t\t\t\t<\/div>\n\t\t<\/div>\n\t\t\t\t\t<\/div>\n\t\t<\/section>\n\t\t\t\t<section class=\"elementor-section elementor-top-section elementor-element elementor-element-7cda5f4 elementor-section-boxed elementor-section-height-default elementor-section-height-default\" data-id=\"7cda5f4\" data-element_type=\"section\" data-e-type=\"section\" data-settings=\"{&quot;background_background&quot;:&quot;classic&quot;}\">\n\t\t\t\t\t\t<div class=\"elementor-container elementor-column-gap-default\">\n\t\t\t\t\t<div class=\"elementor-column elementor-col-100 elementor-top-column elementor-element elementor-element-bef0010\" data-id=\"bef0010\" data-element_type=\"column\" data-e-type=\"column\">\n\t\t\t<div class=\"elementor-widget-wrap elementor-element-populated\">\n\t\t\t\t\t\t<section class=\"elementor-section elementor-inner-section elementor-element elementor-element-8866cc9 elementor-section-boxed elementor-section-height-default elementor-section-height-default\" data-id=\"8866cc9\" data-element_type=\"section\" data-e-type=\"section\">\n\t\t\t\t\t\t<div class=\"elementor-container elementor-column-gap-default\">\n\t\t\t\t\t<div class=\"elementor-column elementor-col-50 elementor-inner-column elementor-element elementor-element-585040d\" data-id=\"585040d\" data-element_type=\"column\" data-e-type=\"column\">\n\t\t\t<div class=\"elementor-widget-wrap elementor-element-populated\">\n\t\t\t\t\t\t<div class=\"elementor-element elementor-element-93f3188 elementor-widget elementor-widget-video\" data-id=\"93f3188\" data-element_type=\"widget\" data-e-type=\"widget\" data-settings=\"{&quot;youtube_url&quot;:&quot;https:\\\/\\\/www.youtube.com\\\/watch?v=7StMkhhjnE4&quot;,&quot;video_type&quot;:&quot;youtube&quot;,&quot;controls&quot;:&quot;yes&quot;}\" data-widget_type=\"video.default\">\n\t\t\t\t<div class=\"elementor-widget-container\">\n\t\t\t\t\t\t\t<div class=\"elementor-wrapper elementor-open-inline\">\n\t\t\t<div class=\"elementor-video\"><\/div>\t\t<\/div>\n\t\t\t\t\t\t<\/div>\n\t\t\t\t<\/div>\n\t\t\t\t\t<\/div>\n\t\t<\/div>\n\t\t\t\t<div class=\"elementor-column elementor-col-50 elementor-inner-column elementor-element elementor-element-0be65f8\" data-id=\"0be65f8\" data-element_type=\"column\" data-e-type=\"column\">\n\t\t\t<div class=\"elementor-widget-wrap elementor-element-populated\">\n\t\t\t\t\t\t<div class=\"elementor-element elementor-element-7e0d1dc elementor-widget elementor-widget-heading\" data-id=\"7e0d1dc\" data-element_type=\"widget\" data-e-type=\"widget\" data-widget_type=\"heading.default\">\n\t\t\t\t<div class=\"elementor-widget-container\">\n\t\t\t\t\t<h2 class=\"elementor-heading-title elementor-size-default\">DESTINATION: Mozambique<\/h2>\t\t\t\t<\/div>\n\t\t\t\t<\/div>\n\t\t\t\t<div class=\"elementor-element elementor-element-5c84865 elementor-widget elementor-widget-text-editor\" data-id=\"5c84865\" data-element_type=\"widget\" data-e-type=\"widget\" data-widget_type=\"text-editor.default\">\n\t\t\t\t<div class=\"elementor-widget-container\">\n\t\t\t\t\t\t\t\t\t<p>Le premier projet embrass\u00e9 en Afrique par la Fraternit\u00e9. Il continue \u00e0 nourrir non seulement le corps, \u00e0 travers l&rsquo;alimentation, mais aussi l&rsquo;\u00e2me \u00e0 travers l&rsquo;\u00e9tude et la professionnalisation des enfants et des jeunes.<\/p>\t\t\t\t\t\t\t\t<\/div>\n\t\t\t\t<\/div>\n\t\t\t\t\t<\/div>\n\t\t<\/div>\n\t\t\t\t\t<\/div>\n\t\t<\/section>\n\t\t\t\t\t<\/div>\n\t\t<\/div>\n\t\t\t\t\t<\/div>\n\t\t<\/section>\n\t\t\t\t<section class=\"elementor-section elementor-top-section elementor-element elementor-element-ca7b061 elementor-section-boxed elementor-section-height-default elementor-section-height-default\" data-id=\"ca7b061\" data-element_type=\"section\" data-e-type=\"section\">\n\t\t\t\t\t\t<div class=\"elementor-container elementor-column-gap-default\">\n\t\t\t\t\t<div class=\"elementor-column elementor-col-100 elementor-top-column elementor-element elementor-element-8530841\" data-id=\"8530841\" data-element_type=\"column\" data-e-type=\"column\">\n\t\t\t<div class=\"elementor-widget-wrap elementor-element-populated\">\n\t\t\t\t\t\t<div class=\"elementor-element elementor-element-461fe98 elementor-widget elementor-widget-image\" data-id=\"461fe98\" data-element_type=\"widget\" data-e-type=\"widget\" data-widget_type=\"image.default\">\n\t\t\t\t<div class=\"elementor-widget-container\">\n\t\t\t\t\t\t\t\t\t\t\t\t\t\t\t<img fetchpriority=\"high\" decoding=\"async\" width=\"800\" height=\"800\" src=\"https:\/\/fraternidadesemfronteiras.ch\/wp-content\/uploads\/2024\/11\/Mocambique_POST_Caravana2024SUICA2Frances-1024x1024.webp\" class=\"attachment-large size-large wp-image-8901\" alt=\"\" srcset=\"https:\/\/fraternidadesemfronteiras.ch\/wp-content\/uploads\/2024\/11\/Mocambique_POST_Caravana2024SUICA2Frances-1024x1024.webp 1024w, https:\/\/fraternidadesemfronteiras.ch\/wp-content\/uploads\/2024\/11\/Mocambique_POST_Caravana2024SUICA2Frances-300x300.webp 300w, https:\/\/fraternidadesemfronteiras.ch\/wp-content\/uploads\/2024\/11\/Mocambique_POST_Caravana2024SUICA2Frances-150x150.webp 150w, https:\/\/fraternidadesemfronteiras.ch\/wp-content\/uploads\/2024\/11\/Mocambique_POST_Caravana2024SUICA2Frances-768x768.webp 768w, https:\/\/fraternidadesemfronteiras.ch\/wp-content\/uploads\/2024\/11\/Mocambique_POST_Caravana2024SUICA2Frances-500x500.webp 500w, https:\/\/fraternidadesemfronteiras.ch\/wp-content\/uploads\/2024\/11\/Mocambique_POST_Caravana2024SUICA2Frances-700x700.webp 700w, https:\/\/fraternidadesemfronteiras.ch\/wp-content\/uploads\/2024\/11\/Mocambique_POST_Caravana2024SUICA2Frances-100x100.webp 100w, https:\/\/fraternidadesemfronteiras.ch\/wp-content\/uploads\/2024\/11\/Mocambique_POST_Caravana2024SUICA2Frances.webp 1300w\" sizes=\"(max-width: 800px) 100vw, 800px\" \/>\t\t\t\t\t\t\t\t\t\t\t\t\t\t\t<\/div>\n\t\t\t\t<\/div>\n\t\t\t\t<div class=\"elementor-element elementor-element-1289ea2 elementor-align-center elementor-widget elementor-widget-button\" data-id=\"1289ea2\" data-element_type=\"widget\" data-e-type=\"widget\" data-widget_type=\"button.default\">\n\t\t\t\t<div class=\"elementor-widget-container\">\n\t\t\t\t\t\t\t\t\t<div class=\"elementor-button-wrapper\">\n\t\t\t\t\t<a class=\"elementor-button elementor-button-link elementor-size-sm\" href=\"#elementor-action%3Aaction%3Dpopup%3Aopen%26settings%3DeyJpZCI6ODkxMSwidG9nZ2xlIjpmYWxzZX0%3D\">\n\t\t\t\t\t\t<span class=\"elementor-button-content-wrapper\">\n\t\t\t\t\t\t\t\t\t<span class=\"elementor-button-text\">Inscription<\/span>\n\t\t\t\t\t<\/span>\n\t\t\t\t\t<\/a>\n\t\t\t\t<\/div>\n\t\t\t\t\t\t\t\t<\/div>\n\t\t\t\t<\/div>\n\t\t\t\t\t<\/div>\n\t\t<\/div>\n\t\t\t\t\t<\/div>\n\t\t<\/section>\n\t\t\t\t<section class=\"elementor-section elementor-top-section elementor-element elementor-element-ff15160 elementor-section-boxed elementor-section-height-default elementor-section-height-default\" data-id=\"ff15160\" data-element_type=\"section\" data-e-type=\"section\" data-settings=\"{&quot;background_background&quot;:&quot;classic&quot;}\">\n\t\t\t\t\t\t<div class=\"elementor-container elementor-column-gap-default\">\n\t\t\t\t\t<div class=\"elementor-column elementor-col-50 elementor-top-column elementor-element elementor-element-98c9c9d\" data-id=\"98c9c9d\" data-element_type=\"column\" data-e-type=\"column\">\n\t\t\t<div class=\"elementor-widget-wrap elementor-element-populated\">\n\t\t\t\t\t\t<div class=\"elementor-element elementor-element-bafeb36 elementor-widget elementor-widget-image\" data-id=\"bafeb36\" data-element_type=\"widget\" data-e-type=\"widget\" data-widget_type=\"image.default\">\n\t\t\t\t<div class=\"elementor-widget-container\">\n\t\t\t\t\t\t\t\t\t\t\t\t\t\t\t<img decoding=\"async\" width=\"500\" height=\"500\" src=\"https:\/\/fraternidadesemfronteiras.ch\/wp-content\/uploads\/2024\/11\/Logo-frances.webp\" class=\"attachment-large size-large wp-image-8897\" alt=\"\" srcset=\"https:\/\/fraternidadesemfronteiras.ch\/wp-content\/uploads\/2024\/11\/Logo-frances.webp 500w, https:\/\/fraternidadesemfronteiras.ch\/wp-content\/uploads\/2024\/11\/Logo-frances-300x300.webp 300w, https:\/\/fraternidadesemfronteiras.ch\/wp-content\/uploads\/2024\/11\/Logo-frances-150x150.webp 150w, https:\/\/fraternidadesemfronteiras.ch\/wp-content\/uploads\/2024\/11\/Logo-frances-100x100.webp 100w\" sizes=\"(max-width: 500px) 100vw, 500px\" \/>\t\t\t\t\t\t\t\t\t\t\t\t\t\t\t<\/div>\n\t\t\t\t<\/div>\n\t\t\t\t\t<\/div>\n\t\t<\/div>\n\t\t\t\t<div class=\"elementor-column elementor-col-50 elementor-top-column elementor-element elementor-element-7f84de5\" data-id=\"7f84de5\" data-element_type=\"column\" data-e-type=\"column\">\n\t\t\t<div class=\"elementor-widget-wrap elementor-element-populated\">\n\t\t\t\t\t\t<div class=\"elementor-element elementor-element-30ece52 elementor-widget elementor-widget-heading\" data-id=\"30ece52\" data-element_type=\"widget\" data-e-type=\"widget\" data-widget_type=\"heading.default\">\n\t\t\t\t<div class=\"elementor-widget-container\">\n\t\t\t\t\t<h2 class=\"elementor-heading-title elementor-size-default\">\u00c0 LA CARAVANE<\/h2>\t\t\t\t<\/div>\n\t\t\t\t<\/div>\n\t\t\t\t<div class=\"elementor-element elementor-element-c854cb5 elementor-widget elementor-widget-text-editor\" data-id=\"c854cb5\" data-element_type=\"widget\" data-e-type=\"widget\" data-widget_type=\"text-editor.default\">\n\t\t\t\t<div class=\"elementor-widget-container\">\n\t\t\t\t\t\t\t\t\t<p>Cette caravane a pour but d&rsquo;apporter la fraternit\u00e9 dans tous les coins du Mozambique, car seule l&rsquo;affection est capable d&rsquo;extraire le plus honn\u00eate des sourires au milieu du chaos.<\/p><p>Un voyage sans retour vers le meilleur qui existe en nous.<\/p><p>Venez plonger dans cet univers de solidarit\u00e9!<\/p>\t\t\t\t\t\t\t\t<\/div>\n\t\t\t\t<\/div>\n\t\t\t\t\t<\/div>\n\t\t<\/div>\n\t\t\t\t\t<\/div>\n\t\t<\/section>\n\t\t\t\t<section class=\"elementor-section elementor-top-section elementor-element elementor-element-4366a38 elementor-section-boxed elementor-section-height-default elementor-section-height-default\" data-id=\"4366a38\" data-element_type=\"section\" data-e-type=\"section\">\n\t\t\t\t\t\t<div class=\"elementor-container elementor-column-gap-default\">\n\t\t\t\t\t<div class=\"elementor-column elementor-col-50 elementor-top-column elementor-element elementor-element-c803eff\" data-id=\"c803eff\" data-element_type=\"column\" data-e-type=\"column\">\n\t\t\t<div class=\"elementor-widget-wrap elementor-element-populated\">\n\t\t\t\t\t\t<div class=\"elementor-element elementor-element-a6b5fdb elementor-widget elementor-widget-image\" data-id=\"a6b5fdb\" data-element_type=\"widget\" data-e-type=\"widget\" data-widget_type=\"image.default\">\n\t\t\t\t<div class=\"elementor-widget-container\">\n\t\t\t\t\t\t\t\t\t\t\t\t\t\t\t<img decoding=\"async\" width=\"564\" height=\"498\" src=\"https:\/\/fraternidadesemfronteiras.ch\/wp-content\/uploads\/2024\/10\/foto_rodape_caravana.webp\" class=\"attachment-large size-large wp-image-8787\" alt=\"\" srcset=\"https:\/\/fraternidadesemfronteiras.ch\/wp-content\/uploads\/2024\/10\/foto_rodape_caravana.webp 564w, https:\/\/fraternidadesemfronteiras.ch\/wp-content\/uploads\/2024\/10\/foto_rodape_caravana-300x265.webp 300w, https:\/\/fraternidadesemfronteiras.ch\/wp-content\/uploads\/2024\/10\/foto_rodape_caravana-500x441.webp 500w\" sizes=\"(max-width: 564px) 100vw, 564px\" \/>\t\t\t\t\t\t\t\t\t\t\t\t\t\t\t<\/div>\n\t\t\t\t<\/div>\n\t\t\t\t\t<\/div>\n\t\t<\/div>\n\t\t\t\t<div class=\"elementor-column elementor-col-50 elementor-top-column elementor-element elementor-element-fe0f80a\" data-id=\"fe0f80a\" data-element_type=\"column\" data-e-type=\"column\">\n\t\t\t<div class=\"elementor-widget-wrap elementor-element-populated\">\n\t\t\t\t\t\t<div class=\"elementor-element elementor-element-76c9ff2 elementor-widget elementor-widget-heading\" data-id=\"76c9ff2\" data-element_type=\"widget\" data-e-type=\"widget\" data-widget_type=\"heading.default\">\n\t\t\t\t<div class=\"elementor-widget-container\">\n\t\t\t\t\t<h2 class=\"elementor-heading-title elementor-size-default\">Vue caus\u00e9e <\/h2>\t\t\t\t<\/div>\n\t\t\t\t<\/div>\n\t\t\t\t<div class=\"elementor-element elementor-element-9955536 elementor-widget elementor-widget-text-editor\" data-id=\"9955536\" data-element_type=\"widget\" data-e-type=\"widget\" data-widget_type=\"text-editor.default\">\n\t\t\t\t<div class=\"elementor-widget-container\">\n\t\t\t\t\t\t\t\t\t<p>En plus de r\u00e9pandre la fraternit\u00e9, vous aidez \u00e9galement \u00e0 couvrir les frais administratifs.<\/p><p>Avec le don, vous acqu\u00e9rez un article de la FSF et participez \u00e0 cette cha\u00eene fraternelle.<\/p>\t\t\t\t\t\t\t\t<\/div>\n\t\t\t\t<\/div>\n\t\t\t\t<div class=\"elementor-element elementor-element-a9545e1 elementor-align-left elementor-widget elementor-widget-button\" data-id=\"a9545e1\" data-element_type=\"widget\" data-e-type=\"widget\" data-widget_type=\"button.default\">\n\t\t\t\t<div class=\"elementor-widget-container\">\n\t\t\t\t\t\t\t\t\t<div class=\"elementor-button-wrapper\">\n\t\t\t\t\t<a class=\"elementor-button elementor-button-link elementor-size-sm\" href=\"https:\/\/fraternidadesemfronteiras.ch\/fr\/magasin-solidaire\/\">\n\t\t\t\t\t\t<span class=\"elementor-button-content-wrapper\">\n\t\t\t\t\t\t\t\t\t<span class=\"elementor-button-text\">JE LE VEUX !!<\/span>\n\t\t\t\t\t<\/span>\n\t\t\t\t\t<\/a>\n\t\t\t\t<\/div>\n\t\t\t\t\t\t\t\t<\/div>\n\t\t\t\t<\/div>\n\t\t\t\t\t<\/div>\n\t\t<\/div>\n\t\t\t\t\t<\/div>\n\t\t<\/section>\n\t\t\t\t<\/div>\n\t\t","protected":false},"excerpt":{"rendered":"<p>CARAVANES Je veux contribuer DESTINATION: Mozambique Le premier projet embrass\u00e9 en Afrique par la Fraternit\u00e9. Il continue \u00e0 nourrir non seulement le corps, \u00e0 travers l&rsquo;alimentation, mais aussi l&rsquo;\u00e2me \u00e0 travers l&rsquo;\u00e9tude et la professionnalisation des enfants et des jeunes. Inscription \u00c0 LA CARAVANE Cette caravane a pour but d&rsquo;apporter la fraternit\u00e9 dans tous les [&hellip;]<\/p>\n","protected":false},"author":22,"featured_media":0,"parent":8885,"menu_order":0,"comment_status":"closed","ping_status":"closed","template":"","meta":{"footnotes":""},"class_list":["post-8891","page","type-page","status-publish","hentry"],"yoast_head":"<!-- This site is optimized with the Yoast SEO plugin v27.2 - https:\/\/yoast.com\/product\/yoast-seo-wordpress\/ -->\n<title>Mozambique - Fraternidade Sem Fronteiras<\/title>\n<meta name=\"robots\" content=\"index, follow, max-snippet:-1, max-image-preview:large, max-video-preview:-1\" \/>\n<link rel=\"canonical\" href=\"https:\/\/fraternidadesemfronteiras.ch\/it\/carovana\/mozambico\/\" \/>\n<meta property=\"og:locale\" content=\"fr_FR\" \/>\n<meta property=\"og:type\" content=\"article\" \/>\n<meta property=\"og:title\" content=\"Mozambique - Fraternidade Sem Fronteiras\" \/>\n<meta property=\"og:description\" content=\"CARAVANES Je veux contribuer DESTINATION: Mozambique Le premier projet embrass\u00e9 en Afrique par la Fraternit\u00e9. Il continue \u00e0 nourrir non seulement le corps, \u00e0 travers l&rsquo;alimentation, mais aussi l&rsquo;\u00e2me \u00e0 travers l&rsquo;\u00e9tude et la professionnalisation des enfants et des jeunes. Inscription \u00c0 LA CARAVANE Cette caravane a pour but d&rsquo;apporter la fraternit\u00e9 dans tous les [&hellip;]\" \/>\n<meta property=\"og:url\" content=\"https:\/\/fraternidadesemfronteiras.ch\/it\/carovana\/mozambico\/\" \/>\n<meta property=\"og:site_name\" content=\"Fraternidade Sem Fronteiras\" \/>\n<meta property=\"article:modified_time\" content=\"2024-11-07T18:08:28+00:00\" \/>\n<meta property=\"og:image\" content=\"https:\/\/fraternidadesemfronteiras.ch\/wp-content\/uploads\/2024\/11\/Mocambique_POST_Caravana2024SUICA2Frances.webp\" \/>\n\t<meta property=\"og:image:width\" content=\"1300\" \/>\n\t<meta property=\"og:image:height\" content=\"1300\" \/>\n\t<meta property=\"og:image:type\" content=\"image\/webp\" \/>\n<meta name=\"twitter:card\" content=\"summary_large_image\" \/>\n<meta name=\"twitter:label1\" content=\"Dur\u00e9e de lecture estim\u00e9e\" \/>\n\t<meta name=\"twitter:data1\" content=\"2 minutes\" \/>\n<script type=\"application\/ld+json\" class=\"yoast-schema-graph\">{\"@context\":\"https:\/\/schema.org\",\"@graph\":[{\"@type\":\"WebPage\",\"@id\":\"https:\/\/fraternidadesemfronteiras.ch\/it\/carovana\/mozambico\/\",\"url\":\"https:\/\/fraternidadesemfronteiras.ch\/it\/carovana\/mozambico\/\",\"name\":\"Mozambique - Fraternidade Sem Fronteiras\",\"isPartOf\":{\"@id\":\"https:\/\/fraternidadesemfronteiras.ch\/#website\"},\"primaryImageOfPage\":{\"@id\":\"https:\/\/fraternidadesemfronteiras.ch\/it\/carovana\/mozambico\/#primaryimage\"},\"image\":{\"@id\":\"https:\/\/fraternidadesemfronteiras.ch\/it\/carovana\/mozambico\/#primaryimage\"},\"thumbnailUrl\":\"https:\/\/fraternidadesemfronteiras.ch\/wp-content\/uploads\/2024\/11\/Mocambique_POST_Caravana2024SUICA2Frances-1024x1024.webp\",\"datePublished\":\"2024-10-05T19:06:34+00:00\",\"dateModified\":\"2024-11-07T18:08:28+00:00\",\"breadcrumb\":{\"@id\":\"https:\/\/fraternidadesemfronteiras.ch\/it\/carovana\/mozambico\/#breadcrumb\"},\"inLanguage\":\"fr-FR\",\"potentialAction\":[{\"@type\":\"ReadAction\",\"target\":[\"https:\/\/fraternidadesemfronteiras.ch\/it\/carovana\/mozambico\/\"]}]},{\"@type\":\"ImageObject\",\"inLanguage\":\"fr-FR\",\"@id\":\"https:\/\/fraternidadesemfronteiras.ch\/it\/carovana\/mozambico\/#primaryimage\",\"url\":\"https:\/\/fraternidadesemfronteiras.ch\/wp-content\/uploads\/2024\/11\/Mocambique_POST_Caravana2024SUICA2Frances-1024x1024.webp\",\"contentUrl\":\"https:\/\/fraternidadesemfronteiras.ch\/wp-content\/uploads\/2024\/11\/Mocambique_POST_Caravana2024SUICA2Frances-1024x1024.webp\"},{\"@type\":\"BreadcrumbList\",\"@id\":\"https:\/\/fraternidadesemfronteiras.ch\/it\/carovana\/mozambico\/#breadcrumb\",\"itemListElement\":[{\"@type\":\"ListItem\",\"position\":1,\"name\":\"Home\",\"item\":\"https:\/\/fraternidadesemfronteiras.ch\/\"},{\"@type\":\"ListItem\",\"position\":2,\"name\":\"CARAVANES\",\"item\":\"https:\/\/fraternidadesemfronteiras.ch\/it\/carovana\/\"},{\"@type\":\"ListItem\",\"position\":3,\"name\":\"Mozambique\"}]},{\"@type\":\"WebSite\",\"@id\":\"https:\/\/fraternidadesemfronteiras.ch\/#website\",\"url\":\"https:\/\/fraternidadesemfronteiras.ch\/\",\"name\":\"Fraternidade Sem Fronteiras\",\"description\":\"Somos uma organiza\u00e7\u00e3o humanit\u00e1ria que atua em alguns dos lugares mais pobres do planeta\",\"potentialAction\":[{\"@type\":\"SearchAction\",\"target\":{\"@type\":\"EntryPoint\",\"urlTemplate\":\"https:\/\/fraternidadesemfronteiras.ch\/?s={search_term_string}\"},\"query-input\":{\"@type\":\"PropertyValueSpecification\",\"valueRequired\":true,\"valueName\":\"search_term_string\"}}],\"inLanguage\":\"fr-FR\"}]}<\/script>\n<!-- \/ Yoast SEO plugin. -->","yoast_head_json":{"title":"Mozambique - Fraternidade Sem Fronteiras","robots":{"index":"index","follow":"follow","max-snippet":"max-snippet:-1","max-image-preview":"max-image-preview:large","max-video-preview":"max-video-preview:-1"},"canonical":"https:\/\/fraternidadesemfronteiras.ch\/it\/carovana\/mozambico\/","og_locale":"fr_FR","og_type":"article","og_title":"Mozambique - Fraternidade Sem Fronteiras","og_description":"CARAVANES Je veux contribuer DESTINATION: Mozambique Le premier projet embrass\u00e9 en Afrique par la Fraternit\u00e9. Il continue \u00e0 nourrir non seulement le corps, \u00e0 travers l&rsquo;alimentation, mais aussi l&rsquo;\u00e2me \u00e0 travers l&rsquo;\u00e9tude et la professionnalisation des enfants et des jeunes. Inscription \u00c0 LA CARAVANE Cette caravane a pour but d&rsquo;apporter la fraternit\u00e9 dans tous les [&hellip;]","og_url":"https:\/\/fraternidadesemfronteiras.ch\/it\/carovana\/mozambico\/","og_site_name":"Fraternidade Sem Fronteiras","article_modified_time":"2024-11-07T18:08:28+00:00","og_image":[{"width":1300,"height":1300,"url":"https:\/\/fraternidadesemfronteiras.ch\/wp-content\/uploads\/2024\/11\/Mocambique_POST_Caravana2024SUICA2Frances.webp","type":"image\/webp"}],"twitter_card":"summary_large_image","twitter_misc":{"Dur\u00e9e de lecture estim\u00e9e":"2 minutes"},"schema":{"@context":"https:\/\/schema.org","@graph":[{"@type":"WebPage","@id":"https:\/\/fraternidadesemfronteiras.ch\/it\/carovana\/mozambico\/","url":"https:\/\/fraternidadesemfronteiras.ch\/it\/carovana\/mozambico\/","name":"Mozambique - Fraternidade Sem Fronteiras","isPartOf":{"@id":"https:\/\/fraternidadesemfronteiras.ch\/#website"},"primaryImageOfPage":{"@id":"https:\/\/fraternidadesemfronteiras.ch\/it\/carovana\/mozambico\/#primaryimage"},"image":{"@id":"https:\/\/fraternidadesemfronteiras.ch\/it\/carovana\/mozambico\/#primaryimage"},"thumbnailUrl":"https:\/\/fraternidadesemfronteiras.ch\/wp-content\/uploads\/2024\/11\/Mocambique_POST_Caravana2024SUICA2Frances-1024x1024.webp","datePublished":"2024-10-05T19:06:34+00:00","dateModified":"2024-11-07T18:08:28+00:00","breadcrumb":{"@id":"https:\/\/fraternidadesemfronteiras.ch\/it\/carovana\/mozambico\/#breadcrumb"},"inLanguage":"fr-FR","potentialAction":[{"@type":"ReadAction","target":["https:\/\/fraternidadesemfronteiras.ch\/it\/carovana\/mozambico\/"]}]},{"@type":"ImageObject","inLanguage":"fr-FR","@id":"https:\/\/fraternidadesemfronteiras.ch\/it\/carovana\/mozambico\/#primaryimage","url":"https:\/\/fraternidadesemfronteiras.ch\/wp-content\/uploads\/2024\/11\/Mocambique_POST_Caravana2024SUICA2Frances-1024x1024.webp","contentUrl":"https:\/\/fraternidadesemfronteiras.ch\/wp-content\/uploads\/2024\/11\/Mocambique_POST_Caravana2024SUICA2Frances-1024x1024.webp"},{"@type":"BreadcrumbList","@id":"https:\/\/fraternidadesemfronteiras.ch\/it\/carovana\/mozambico\/#breadcrumb","itemListElement":[{"@type":"ListItem","position":1,"name":"Home","item":"https:\/\/fraternidadesemfronteiras.ch\/"},{"@type":"ListItem","position":2,"name":"CARAVANES","item":"https:\/\/fraternidadesemfronteiras.ch\/it\/carovana\/"},{"@type":"ListItem","position":3,"name":"Mozambique"}]},{"@type":"WebSite","@id":"https:\/\/fraternidadesemfronteiras.ch\/#website","url":"https:\/\/fraternidadesemfronteiras.ch\/","name":"Fraternidade Sem Fronteiras","description":"Somos uma organiza\u00e7\u00e3o humanit\u00e1ria que atua em alguns dos lugares mais pobres do planeta","potentialAction":[{"@type":"SearchAction","target":{"@type":"EntryPoint","urlTemplate":"https:\/\/fraternidadesemfronteiras.ch\/?s={search_term_string}"},"query-input":{"@type":"PropertyValueSpecification","valueRequired":true,"valueName":"search_term_string"}}],"inLanguage":"fr-FR"}]}},"_links":{"self":[{"href":"https:\/\/fraternidadesemfronteiras.ch\/fr\/wp-json\/wp\/v2\/pages\/8891","targetHints":{"allow":["GET"]}}],"collection":[{"href":"https:\/\/fraternidadesemfronteiras.ch\/fr\/wp-json\/wp\/v2\/pages"}],"about":[{"href":"https:\/\/fraternidadesemfronteiras.ch\/fr\/wp-json\/wp\/v2\/types\/page"}],"author":[{"embeddable":true,"href":"https:\/\/fraternidadesemfronteiras.ch\/fr\/wp-json\/wp\/v2\/users\/22"}],"replies":[{"embeddable":true,"href":"https:\/\/fraternidadesemfronteiras.ch\/fr\/wp-json\/wp\/v2\/comments?post=8891"}],"version-history":[{"count":10,"href":"https:\/\/fraternidadesemfronteiras.ch\/fr\/wp-json\/wp\/v2\/pages\/8891\/revisions"}],"predecessor-version":[{"id":8920,"href":"https:\/\/fraternidadesemfronteiras.ch\/fr\/wp-json\/wp\/v2\/pages\/8891\/revisions\/8920"}],"up":[{"embeddable":true,"href":"https:\/\/fraternidadesemfronteiras.ch\/fr\/wp-json\/wp\/v2\/pages\/8885"}],"wp:attachment":[{"href":"https:\/\/fraternidadesemfronteiras.ch\/fr\/wp-json\/wp\/v2\/media?parent=8891"}],"curies":[{"name":"wp","href":"https:\/\/api.w.org\/{rel}","templated":true}]}}