{"id":2550,"date":"2020-01-21T06:06:32","date_gmt":"2020-01-21T09:06:32","guid":{"rendered":"https:\/\/fraternidadesemfronteiras.ch\/?page_id=2550"},"modified":"2023-08-09T18:10:21","modified_gmt":"2023-08-09T21:10:21","slug":"campagnes","status":"publish","type":"page","link":"https:\/\/fraternidadesemfronteiras.ch\/fr\/campagnes\/","title":{"rendered":"Campagnes"},"content":{"rendered":"\t\t<div data-elementor-type=\"wp-page\" data-elementor-id=\"2550\" class=\"elementor elementor-2550 elementor-2429\" data-elementor-post-type=\"page\">\n\t\t\t\t\t\t<section class=\"elementor-section elementor-top-section elementor-element elementor-element-acf0d35 elementor-section-boxed elementor-section-height-default elementor-section-height-default\" data-id=\"acf0d35\" data-element_type=\"section\" data-e-type=\"section\">\n\t\t\t\t\t\t<div class=\"elementor-container elementor-column-gap-default\">\n\t\t\t\t\t<div class=\"elementor-column elementor-col-100 elementor-top-column elementor-element elementor-element-61d57f50\" data-id=\"61d57f50\" data-element_type=\"column\" data-e-type=\"column\">\n\t\t\t<div class=\"elementor-widget-wrap elementor-element-populated\">\n\t\t\t\t\t\t<div class=\"elementor-element elementor-element-65f816a8 elementor-widget elementor-widget-heading\" data-id=\"65f816a8\" data-element_type=\"widget\" data-e-type=\"widget\" data-widget_type=\"heading.default\">\n\t\t\t\t<div class=\"elementor-widget-container\">\n\t\t\t\t\t<h1 class=\"elementor-heading-title elementor-size-default\">Campagnes<\/h1>\t\t\t\t<\/div>\n\t\t\t\t<\/div>\n\t\t\t\t<div class=\"elementor-element elementor-element-36d8196f elementor-widget elementor-widget-heading\" data-id=\"36d8196f\" data-element_type=\"widget\" data-e-type=\"widget\" data-widget_type=\"heading.default\">\n\t\t\t\t<div class=\"elementor-widget-container\">\n\t\t\t\t\t<h2 class=\"elementor-heading-title elementor-size-default\">Restez au courant des actions de Fraternit\u00e9 Sans Fronti\u00e8res<\/h2>\t\t\t\t<\/div>\n\t\t\t\t<\/div>\n\t\t\t\t\t<\/div>\n\t\t<\/div>\n\t\t\t\t\t<\/div>\n\t\t<\/section>\n\t\t\t\t<section class=\"elementor-section elementor-top-section elementor-element elementor-element-1104dd2a elementor-section-boxed elementor-section-height-default elementor-section-height-default\" data-id=\"1104dd2a\" data-element_type=\"section\" data-e-type=\"section\">\n\t\t\t\t\t\t<div class=\"elementor-container elementor-column-gap-default\">\n\t\t\t\t\t<div class=\"elementor-column elementor-col-100 elementor-top-column elementor-element elementor-element-35ef657a\" data-id=\"35ef657a\" data-element_type=\"column\" data-e-type=\"column\">\n\t\t\t<div class=\"elementor-widget-wrap elementor-element-populated\">\n\t\t\t\t\t\t<div class=\"elementor-element elementor-element-39b3d807 elementor-grid-3 elementor-grid-tablet-2 elementor-grid-mobile-1 elementor-posts--thumbnail-top elementor-card-shadow-yes elementor-posts__hover-gradient elementor-widget elementor-widget-posts\" data-id=\"39b3d807\" data-element_type=\"widget\" data-e-type=\"widget\" data-settings=\"{&quot;cards_columns&quot;:&quot;3&quot;,&quot;cards_columns_tablet&quot;:&quot;2&quot;,&quot;cards_columns_mobile&quot;:&quot;1&quot;,&quot;cards_row_gap&quot;:{&quot;unit&quot;:&quot;px&quot;,&quot;size&quot;:35,&quot;sizes&quot;:[]},&quot;cards_row_gap_tablet&quot;:{&quot;unit&quot;:&quot;px&quot;,&quot;size&quot;:&quot;&quot;,&quot;sizes&quot;:[]},&quot;cards_row_gap_mobile&quot;:{&quot;unit&quot;:&quot;px&quot;,&quot;size&quot;:&quot;&quot;,&quot;sizes&quot;:[]}}\" data-widget_type=\"posts.cards\">\n\t\t\t\t<div class=\"elementor-widget-container\">\n\t\t\t\t\t\t\t<div class=\"elementor-posts-container elementor-posts elementor-posts--skin-cards elementor-grid\" role=\"list\">\n\t\t\t\t<article class=\"elementor-post elementor-grid-item post-9295 campanha type-campanha status-publish has-post-thumbnail hentry\" role=\"listitem\">\n\t\t\t<div class=\"elementor-post__card\">\n\t\t\t\t<a class=\"elementor-post__thumbnail__link\" href=\"https:\/\/fraternidadesemfronteiras.ch\/fr\/campanha\/centre-de-chimbembe\/\" tabindex=\"-1\" ><div class=\"elementor-post__thumbnail\"><img fetchpriority=\"high\" decoding=\"async\" width=\"300\" height=\"214\" src=\"https:\/\/fraternidadesemfronteiras.ch\/wp-content\/uploads\/2025\/07\/Banner-2-300x214.webp\" class=\"attachment-medium size-medium wp-image-9297\" alt=\"\" srcset=\"https:\/\/fraternidadesemfronteiras.ch\/wp-content\/uploads\/2025\/07\/Banner-2-300x214.webp 300w, https:\/\/fraternidadesemfronteiras.ch\/wp-content\/uploads\/2025\/07\/Banner-2-768x547.webp 768w, https:\/\/fraternidadesemfronteiras.ch\/wp-content\/uploads\/2025\/07\/Banner-2-500x356.webp 500w, https:\/\/fraternidadesemfronteiras.ch\/wp-content\/uploads\/2025\/07\/Banner-2-700x498.webp 700w, https:\/\/fraternidadesemfronteiras.ch\/wp-content\/uploads\/2025\/07\/Banner-2.webp 843w\" sizes=\"(max-width: 300px) 100vw, 300px\" \/><\/div><\/a>\n\t\t\t\t<div class=\"elementor-post__text\">\n\t\t\t\t<h3 class=\"elementor-post__title\">\n\t\t\t<a href=\"https:\/\/fraternidadesemfronteiras.ch\/fr\/campanha\/centre-de-chimbembe\/\" >\n\t\t\t\tCentre de Chimbembe\t\t\t<\/a>\n\t\t<\/h3>\n\t\t\n\t\t<a class=\"elementor-post__read-more\" href=\"https:\/\/fraternidadesemfronteiras.ch\/fr\/campanha\/centre-de-chimbembe\/\" aria-label=\"En savoir plus sur Centre de Chimbembe\" tabindex=\"-1\" >\n\t\t\tLire la suite \u00bb\t\t<\/a>\n\n\t\t\t\t<\/div>\n\t\t\t\t\t<\/div>\n\t\t<\/article>\n\t\t\t\t<article class=\"elementor-post elementor-grid-item post-7764 campanha type-campanha status-publish has-post-thumbnail hentry\" role=\"listitem\">\n\t\t\t<div class=\"elementor-post__card\">\n\t\t\t\t<a class=\"elementor-post__thumbnail__link\" href=\"https:\/\/fraternidadesemfronteiras.ch\/fr\/campanha\/maes-do-campo-nacao-ubuntu-fr\/\" tabindex=\"-1\" ><div class=\"elementor-post__thumbnail\"><img decoding=\"async\" width=\"300\" height=\"214\" src=\"https:\/\/fraternidadesemfronteiras.ch\/wp-content\/uploads\/2022\/10\/Banner-Ma\u0303es-do-campo-FR-2-300x214.webp\" class=\"attachment-medium size-medium wp-image-7810\" alt=\"\" srcset=\"https:\/\/fraternidadesemfronteiras.ch\/wp-content\/uploads\/2022\/10\/Banner-Ma\u0303es-do-campo-FR-2-300x214.webp 300w, https:\/\/fraternidadesemfronteiras.ch\/wp-content\/uploads\/2022\/10\/Banner-Ma\u0303es-do-campo-FR-2-768x547.webp 768w, https:\/\/fraternidadesemfronteiras.ch\/wp-content\/uploads\/2022\/10\/Banner-Ma\u0303es-do-campo-FR-2-500x356.webp 500w, https:\/\/fraternidadesemfronteiras.ch\/wp-content\/uploads\/2022\/10\/Banner-Ma\u0303es-do-campo-FR-2-700x498.webp 700w, https:\/\/fraternidadesemfronteiras.ch\/wp-content\/uploads\/2022\/10\/Banner-Ma\u0303es-do-campo-FR-2.webp 843w\" sizes=\"(max-width: 300px) 100vw, 300px\" \/><\/div><\/a>\n\t\t\t\t<div class=\"elementor-post__text\">\n\t\t\t\t<h3 class=\"elementor-post__title\">\n\t\t\t<a href=\"https:\/\/fraternidadesemfronteiras.ch\/fr\/campanha\/maes-do-campo-nacao-ubuntu-fr\/\" >\n\t\t\t\tManes de la campagne\t\t\t<\/a>\n\t\t<\/h3>\n\t\t\n\t\t<a class=\"elementor-post__read-more\" href=\"https:\/\/fraternidadesemfronteiras.ch\/fr\/campanha\/maes-do-campo-nacao-ubuntu-fr\/\" aria-label=\"En savoir plus sur Manes de la campagne\" tabindex=\"-1\" >\n\t\t\tLire la suite \u00bb\t\t<\/a>\n\n\t\t\t\t<\/div>\n\t\t\t\t\t<\/div>\n\t\t<\/article>\n\t\t\t\t<article class=\"elementor-post elementor-grid-item post-6104 campanha type-campanha status-publish has-post-thumbnail hentry\" role=\"listitem\">\n\t\t\t<div class=\"elementor-post__card\">\n\t\t\t\t<a class=\"elementor-post__thumbnail__link\" href=\"https:\/\/fraternidadesemfronteiras.ch\/fr\/campanha\/cahiers-fraternels\/\" tabindex=\"-1\" ><div class=\"elementor-post__thumbnail\"><img decoding=\"async\" width=\"300\" height=\"223\" src=\"https:\/\/fraternidadesemfronteiras.ch\/wp-content\/uploads\/2021\/02\/Cadernosf-FR-min-300x223.jpg\" class=\"attachment-medium size-medium wp-image-4301\" alt=\"\" srcset=\"https:\/\/fraternidadesemfronteiras.ch\/wp-content\/uploads\/2021\/02\/Cadernosf-FR-min-300x223.jpg 300w, https:\/\/fraternidadesemfronteiras.ch\/wp-content\/uploads\/2021\/02\/Cadernosf-FR-min-500x371.jpg 500w, https:\/\/fraternidadesemfronteiras.ch\/wp-content\/uploads\/2021\/02\/Cadernosf-FR-min-200x148.jpg 200w, https:\/\/fraternidadesemfronteiras.ch\/wp-content\/uploads\/2021\/02\/Cadernosf-FR-min-400x297.jpg 400w, https:\/\/fraternidadesemfronteiras.ch\/wp-content\/uploads\/2021\/02\/Cadernosf-FR-min-600x445.jpg 600w, https:\/\/fraternidadesemfronteiras.ch\/wp-content\/uploads\/2021\/02\/Cadernosf-FR-min.jpg 662w\" sizes=\"(max-width: 300px) 100vw, 300px\" \/><\/div><\/a>\n\t\t\t\t<div class=\"elementor-post__text\">\n\t\t\t\t<h3 class=\"elementor-post__title\">\n\t\t\t<a href=\"https:\/\/fraternidadesemfronteiras.ch\/fr\/campanha\/cahiers-fraternels\/\" >\n\t\t\t\tCAHIERS FRATERNELS\t\t\t<\/a>\n\t\t<\/h3>\n\t\t\n\t\t<a class=\"elementor-post__read-more\" href=\"https:\/\/fraternidadesemfronteiras.ch\/fr\/campanha\/cahiers-fraternels\/\" aria-label=\"En savoir plus sur CAHIERS FRATERNELS\" tabindex=\"-1\" >\n\t\t\tLire la suite \u00bb\t\t<\/a>\n\n\t\t\t\t<\/div>\n\t\t\t\t\t<\/div>\n\t\t<\/article>\n\t\t\t\t<article class=\"elementor-post elementor-grid-item post-5565 campanha type-campanha status-publish has-post-thumbnail hentry\" role=\"listitem\">\n\t\t\t<div class=\"elementor-post__card\">\n\t\t\t\t<a class=\"elementor-post__thumbnail__link\" href=\"https:\/\/fraternidadesemfronteiras.ch\/fr\/campanha\/de-leau-pour-lafrique-la-source-cest-nos-coeurs\/\" tabindex=\"-1\" ><div class=\"elementor-post__thumbnail\"><img loading=\"lazy\" decoding=\"async\" width=\"300\" height=\"223\" src=\"https:\/\/fraternidadesemfronteiras.ch\/wp-content\/uploads\/2020\/07\/Site-afonte2-fr-min-300x223.jpg\" class=\"attachment-medium size-medium wp-image-4069\" alt=\"\" srcset=\"https:\/\/fraternidadesemfronteiras.ch\/wp-content\/uploads\/2020\/07\/Site-afonte2-fr-min-300x223.jpg 300w, https:\/\/fraternidadesemfronteiras.ch\/wp-content\/uploads\/2020\/07\/Site-afonte2-fr-min-500x371.jpg 500w, https:\/\/fraternidadesemfronteiras.ch\/wp-content\/uploads\/2020\/07\/Site-afonte2-fr-min-200x148.jpg 200w, https:\/\/fraternidadesemfronteiras.ch\/wp-content\/uploads\/2020\/07\/Site-afonte2-fr-min-400x297.jpg 400w, https:\/\/fraternidadesemfronteiras.ch\/wp-content\/uploads\/2020\/07\/Site-afonte2-fr-min-600x445.jpg 600w, https:\/\/fraternidadesemfronteiras.ch\/wp-content\/uploads\/2020\/07\/Site-afonte2-fr-min.jpg 662w\" sizes=\"(max-width: 300px) 100vw, 300px\" \/><\/div><\/a>\n\t\t\t\t<div class=\"elementor-post__text\">\n\t\t\t\t<h3 class=\"elementor-post__title\">\n\t\t\t<a href=\"https:\/\/fraternidadesemfronteiras.ch\/fr\/campanha\/de-leau-pour-lafrique-la-source-cest-nos-coeurs\/\" >\n\t\t\t\tDe l\u2019eau pour l\u2019Afrique. La source c\u2019est nos coeurs.\t\t\t<\/a>\n\t\t<\/h3>\n\t\t\n\t\t<a class=\"elementor-post__read-more\" href=\"https:\/\/fraternidadesemfronteiras.ch\/fr\/campanha\/de-leau-pour-lafrique-la-source-cest-nos-coeurs\/\" aria-label=\"En savoir plus sur De l\u2019eau pour l\u2019Afrique. La source c\u2019est nos coeurs.\" tabindex=\"-1\" >\n\t\t\tLire la suite \u00bb\t\t<\/a>\n\n\t\t\t\t<\/div>\n\t\t\t\t\t<\/div>\n\t\t<\/article>\n\t\t\t\t<\/div>\n\t\t\n\t\t\t\t\t\t<\/div>\n\t\t\t\t<\/div>\n\t\t\t\t\t<\/div>\n\t\t<\/div>\n\t\t\t\t\t<\/div>\n\t\t<\/section>\n\t\t\t\t<\/div>\n\t\t","protected":false},"excerpt":{"rendered":"<p>Campagnes Restez au courant des actions de Fraternit\u00e9 Sans Fronti\u00e8res<\/p>\n","protected":false},"author":3,"featured_media":0,"parent":0,"menu_order":0,"comment_status":"closed","ping_status":"closed","template":"elementor_header_footer","meta":{"footnotes":""},"class_list":["post-2550","page","type-page","status-publish","hentry"],"yoast_head":"<!-- This site is optimized with the Yoast SEO plugin v27.4 - https:\/\/yoast.com\/product\/yoast-seo-wordpress\/ -->\n<title>Campagnes - Fraternidade Sem Fronteiras<\/title>\n<meta name=\"robots\" content=\"index, follow, max-snippet:-1, max-image-preview:large, max-video-preview:-1\" \/>\n<link rel=\"canonical\" href=\"https:\/\/fraternidadesemfronteiras.ch\/campanhas\/\" \/>\n<meta property=\"og:locale\" content=\"fr_FR\" \/>\n<meta property=\"og:type\" content=\"article\" \/>\n<meta property=\"og:title\" content=\"Campagnes - Fraternidade Sem Fronteiras\" \/>\n<meta property=\"og:description\" content=\"Campagnes Restez au courant des actions de Fraternit\u00e9 Sans Fronti\u00e8res\" \/>\n<meta property=\"og:url\" content=\"https:\/\/fraternidadesemfronteiras.ch\/campanhas\/\" \/>\n<meta property=\"og:site_name\" content=\"Fraternidade Sem Fronteiras\" \/>\n<meta property=\"article:modified_time\" content=\"2023-08-09T21:10:21+00:00\" \/>\n<meta name=\"twitter:card\" content=\"summary_large_image\" \/>\n<meta name=\"twitter:label1\" content=\"Dur\u00e9e de lecture estim\u00e9e\" \/>\n\t<meta name=\"twitter:data1\" content=\"2 minutes\" \/>\n<script type=\"application\/ld+json\" class=\"yoast-schema-graph\">{\"@context\":\"https:\\\/\\\/schema.org\",\"@graph\":[{\"@type\":\"WebPage\",\"@id\":\"https:\\\/\\\/fraternidadesemfronteiras.ch\\\/campanhas\\\/\",\"url\":\"https:\\\/\\\/fraternidadesemfronteiras.ch\\\/campanhas\\\/\",\"name\":\"Campagnes - Fraternidade Sem Fronteiras\",\"isPartOf\":{\"@id\":\"https:\\\/\\\/fraternidadesemfronteiras.ch\\\/#website\"},\"datePublished\":\"2020-01-21T09:06:32+00:00\",\"dateModified\":\"2023-08-09T21:10:21+00:00\",\"breadcrumb\":{\"@id\":\"https:\\\/\\\/fraternidadesemfronteiras.ch\\\/campanhas\\\/#breadcrumb\"},\"inLanguage\":\"fr-FR\",\"potentialAction\":[{\"@type\":\"ReadAction\",\"target\":[\"https:\\\/\\\/fraternidadesemfronteiras.ch\\\/campanhas\\\/\"]}]},{\"@type\":\"BreadcrumbList\",\"@id\":\"https:\\\/\\\/fraternidadesemfronteiras.ch\\\/campanhas\\\/#breadcrumb\",\"itemListElement\":[{\"@type\":\"ListItem\",\"position\":1,\"name\":\"Home\",\"item\":\"https:\\\/\\\/fraternidadesemfronteiras.ch\\\/\"},{\"@type\":\"ListItem\",\"position\":2,\"name\":\"Campagnes\"}]},{\"@type\":\"WebSite\",\"@id\":\"https:\\\/\\\/fraternidadesemfronteiras.ch\\\/#website\",\"url\":\"https:\\\/\\\/fraternidadesemfronteiras.ch\\\/\",\"name\":\"Fraternidade Sem Fronteiras\",\"description\":\"Somos uma organiza\u00e7\u00e3o humanit\u00e1ria que atua em alguns dos lugares mais pobres do planeta\",\"potentialAction\":[{\"@type\":\"SearchAction\",\"target\":{\"@type\":\"EntryPoint\",\"urlTemplate\":\"https:\\\/\\\/fraternidadesemfronteiras.ch\\\/?s={search_term_string}\"},\"query-input\":{\"@type\":\"PropertyValueSpecification\",\"valueRequired\":true,\"valueName\":\"search_term_string\"}}],\"inLanguage\":\"fr-FR\"}]}<\/script>\n<!-- \/ Yoast SEO plugin. -->","yoast_head_json":{"title":"Campagnes - Fraternidade Sem Fronteiras","robots":{"index":"index","follow":"follow","max-snippet":"max-snippet:-1","max-image-preview":"max-image-preview:large","max-video-preview":"max-video-preview:-1"},"canonical":"https:\/\/fraternidadesemfronteiras.ch\/campanhas\/","og_locale":"fr_FR","og_type":"article","og_title":"Campagnes - Fraternidade Sem Fronteiras","og_description":"Campagnes Restez au courant des actions de Fraternit\u00e9 Sans Fronti\u00e8res","og_url":"https:\/\/fraternidadesemfronteiras.ch\/campanhas\/","og_site_name":"Fraternidade Sem Fronteiras","article_modified_time":"2023-08-09T21:10:21+00:00","twitter_card":"summary_large_image","twitter_misc":{"Dur\u00e9e de lecture estim\u00e9e":"2 minutes"},"schema":{"@context":"https:\/\/schema.org","@graph":[{"@type":"WebPage","@id":"https:\/\/fraternidadesemfronteiras.ch\/campanhas\/","url":"https:\/\/fraternidadesemfronteiras.ch\/campanhas\/","name":"Campagnes - Fraternidade Sem Fronteiras","isPartOf":{"@id":"https:\/\/fraternidadesemfronteiras.ch\/#website"},"datePublished":"2020-01-21T09:06:32+00:00","dateModified":"2023-08-09T21:10:21+00:00","breadcrumb":{"@id":"https:\/\/fraternidadesemfronteiras.ch\/campanhas\/#breadcrumb"},"inLanguage":"fr-FR","potentialAction":[{"@type":"ReadAction","target":["https:\/\/fraternidadesemfronteiras.ch\/campanhas\/"]}]},{"@type":"BreadcrumbList","@id":"https:\/\/fraternidadesemfronteiras.ch\/campanhas\/#breadcrumb","itemListElement":[{"@type":"ListItem","position":1,"name":"Home","item":"https:\/\/fraternidadesemfronteiras.ch\/"},{"@type":"ListItem","position":2,"name":"Campagnes"}]},{"@type":"WebSite","@id":"https:\/\/fraternidadesemfronteiras.ch\/#website","url":"https:\/\/fraternidadesemfronteiras.ch\/","name":"Fraternidade Sem Fronteiras","description":"Somos uma organiza\u00e7\u00e3o humanit\u00e1ria que atua em alguns dos lugares mais pobres do planeta","potentialAction":[{"@type":"SearchAction","target":{"@type":"EntryPoint","urlTemplate":"https:\/\/fraternidadesemfronteiras.ch\/?s={search_term_string}"},"query-input":{"@type":"PropertyValueSpecification","valueRequired":true,"valueName":"search_term_string"}}],"inLanguage":"fr-FR"}]}},"_links":{"self":[{"href":"https:\/\/fraternidadesemfronteiras.ch\/fr\/wp-json\/wp\/v2\/pages\/2550","targetHints":{"allow":["GET"]}}],"collection":[{"href":"https:\/\/fraternidadesemfronteiras.ch\/fr\/wp-json\/wp\/v2\/pages"}],"about":[{"href":"https:\/\/fraternidadesemfronteiras.ch\/fr\/wp-json\/wp\/v2\/types\/page"}],"author":[{"embeddable":true,"href":"https:\/\/fraternidadesemfronteiras.ch\/fr\/wp-json\/wp\/v2\/users\/3"}],"replies":[{"embeddable":true,"href":"https:\/\/fraternidadesemfronteiras.ch\/fr\/wp-json\/wp\/v2\/comments?post=2550"}],"version-history":[{"count":9,"href":"https:\/\/fraternidadesemfronteiras.ch\/fr\/wp-json\/wp\/v2\/pages\/2550\/revisions"}],"predecessor-version":[{"id":8342,"href":"https:\/\/fraternidadesemfronteiras.ch\/fr\/wp-json\/wp\/v2\/pages\/2550\/revisions\/8342"}],"wp:attachment":[{"href":"https:\/\/fraternidadesemfronteiras.ch\/fr\/wp-json\/wp\/v2\/media?parent=2550"}],"curies":[{"name":"wp","href":"https:\/\/api.w.org\/{rel}","templated":true}]}}