{"id":7389,"date":"2022-03-16T12:24:33","date_gmt":"2022-03-16T15:24:33","guid":{"rendered":"https:\/\/fraternidadesemfronteiras.ch\/produto\/stoffpuppe\/"},"modified":"2022-05-07T15:09:07","modified_gmt":"2022-05-07T18:09:07","slug":"stoffpuppe","status":"publish","type":"product","link":"https:\/\/fraternidadesemfronteiras.ch\/de\/produto\/stoffpuppe\/","title":{"rendered":"STOFFPUPPE"},"content":{"rendered":"<p>Stoffpuppen, hergestellt von unseren Freiwilligen.<\/p>\n","protected":false},"excerpt":{"rendered":"<p>Stoffpuppen, hergestellt von unseren Freiwilligen.<\/p>\n","protected":false},"featured_media":7366,"template":"","meta":[],"product_brand":[],"product_cat":[278],"product_tag":[],"class_list":{"0":"post-7389","1":"product","2":"type-product","3":"status-publish","4":"has-post-thumbnail","6":"product_cat-souvenir-de","8":"first","9":"instock","10":"shipping-taxable","11":"purchasable","12":"product-type-simple"},"yoast_head":"<!-- This site is optimized with the Yoast SEO plugin v27.4 - https:\/\/yoast.com\/product\/yoast-seo-wordpress\/ -->\n<title>STOFFPUPPE - Fraternidade Sem Fronteiras<\/title>\n<meta name=\"description\" content=\"Stoffpuppen, hergestellt von unseren Freiwilligen.\" \/>\n<meta name=\"robots\" content=\"index, follow, max-snippet:-1, max-image-preview:large, max-video-preview:-1\" \/>\n<link rel=\"canonical\" href=\"https:\/\/fraternidadesemfronteiras.ch\/produto\/boneca-de-pano\/\" \/>\n<meta property=\"og:locale\" content=\"de_DE\" \/>\n<meta property=\"og:type\" content=\"article\" \/>\n<meta property=\"og:title\" content=\"STOFFPUPPE - Fraternidade Sem Fronteiras\" \/>\n<meta property=\"og:description\" content=\"Stoffpuppen, hergestellt von unseren Freiwilligen.\" \/>\n<meta property=\"og:url\" content=\"https:\/\/fraternidadesemfronteiras.ch\/produto\/boneca-de-pano\/\" \/>\n<meta property=\"og:site_name\" content=\"Fraternidade Sem Fronteiras\" \/>\n<meta property=\"article:modified_time\" content=\"2022-05-07T18:09:07+00:00\" \/>\n<meta property=\"og:image\" content=\"https:\/\/fraternidadesemfronteiras.ch\/wp-content\/uploads\/2022\/03\/boneca-de-pano-1.webp\" \/>\n\t<meta property=\"og:image:width\" content=\"425\" \/>\n\t<meta property=\"og:image:height\" content=\"600\" \/>\n\t<meta property=\"og:image:type\" content=\"image\/webp\" \/>\n<meta name=\"twitter:card\" content=\"summary_large_image\" \/>\n<script type=\"application\/ld+json\" class=\"yoast-schema-graph\">{\"@context\":\"https:\\\/\\\/schema.org\",\"@graph\":[{\"@type\":\"WebPage\",\"@id\":\"https:\\\/\\\/fraternidadesemfronteiras.ch\\\/produto\\\/boneca-de-pano\\\/\",\"url\":\"https:\\\/\\\/fraternidadesemfronteiras.ch\\\/produto\\\/boneca-de-pano\\\/\",\"name\":\"STOFFPUPPE - Fraternidade Sem Fronteiras\",\"isPartOf\":{\"@id\":\"https:\\\/\\\/fraternidadesemfronteiras.ch\\\/#website\"},\"primaryImageOfPage\":{\"@id\":\"https:\\\/\\\/fraternidadesemfronteiras.ch\\\/produto\\\/boneca-de-pano\\\/#primaryimage\"},\"image\":{\"@id\":\"https:\\\/\\\/fraternidadesemfronteiras.ch\\\/produto\\\/boneca-de-pano\\\/#primaryimage\"},\"thumbnailUrl\":\"https:\\\/\\\/fraternidadesemfronteiras.ch\\\/wp-content\\\/uploads\\\/2022\\\/03\\\/boneca-de-pano-1.webp\",\"datePublished\":\"2022-03-16T15:24:33+00:00\",\"dateModified\":\"2022-05-07T18:09:07+00:00\",\"description\":\"Stoffpuppen, hergestellt von unseren Freiwilligen.\",\"breadcrumb\":{\"@id\":\"https:\\\/\\\/fraternidadesemfronteiras.ch\\\/produto\\\/boneca-de-pano\\\/#breadcrumb\"},\"inLanguage\":\"de\",\"potentialAction\":[{\"@type\":\"ReadAction\",\"target\":[\"https:\\\/\\\/fraternidadesemfronteiras.ch\\\/produto\\\/boneca-de-pano\\\/\"]}]},{\"@type\":\"ImageObject\",\"inLanguage\":\"de\",\"@id\":\"https:\\\/\\\/fraternidadesemfronteiras.ch\\\/produto\\\/boneca-de-pano\\\/#primaryimage\",\"url\":\"https:\\\/\\\/fraternidadesemfronteiras.ch\\\/wp-content\\\/uploads\\\/2022\\\/03\\\/boneca-de-pano-1.webp\",\"contentUrl\":\"https:\\\/\\\/fraternidadesemfronteiras.ch\\\/wp-content\\\/uploads\\\/2022\\\/03\\\/boneca-de-pano-1.webp\",\"width\":425,\"height\":600},{\"@type\":\"BreadcrumbList\",\"@id\":\"https:\\\/\\\/fraternidadesemfronteiras.ch\\\/produto\\\/boneca-de-pano\\\/#breadcrumb\",\"itemListElement\":[{\"@type\":\"ListItem\",\"position\":1,\"name\":\"Home\",\"item\":\"https:\\\/\\\/fraternidadesemfronteiras.ch\\\/\"},{\"@type\":\"ListItem\",\"position\":2,\"name\":\"Solidarischer Shop\",\"item\":\"https:\\\/\\\/fraternidadesemfronteiras.ch\\\/loja\\\/\"},{\"@type\":\"ListItem\",\"position\":3,\"name\":\"STOFFPUPPE\"}]},{\"@type\":\"WebSite\",\"@id\":\"https:\\\/\\\/fraternidadesemfronteiras.ch\\\/#website\",\"url\":\"https:\\\/\\\/fraternidadesemfronteiras.ch\\\/\",\"name\":\"Fraternidade Sem Fronteiras\",\"description\":\"Somos uma organiza\u00e7\u00e3o humanit\u00e1ria que atua em alguns dos lugares mais pobres do planeta\",\"potentialAction\":[{\"@type\":\"SearchAction\",\"target\":{\"@type\":\"EntryPoint\",\"urlTemplate\":\"https:\\\/\\\/fraternidadesemfronteiras.ch\\\/?s={search_term_string}\"},\"query-input\":{\"@type\":\"PropertyValueSpecification\",\"valueRequired\":true,\"valueName\":\"search_term_string\"}}],\"inLanguage\":\"de\"}]}<\/script>\n<!-- \/ Yoast SEO plugin. -->","yoast_head_json":{"title":"STOFFPUPPE - Fraternidade Sem Fronteiras","description":"Stoffpuppen, hergestellt von unseren Freiwilligen.","robots":{"index":"index","follow":"follow","max-snippet":"max-snippet:-1","max-image-preview":"max-image-preview:large","max-video-preview":"max-video-preview:-1"},"canonical":"https:\/\/fraternidadesemfronteiras.ch\/produto\/boneca-de-pano\/","og_locale":"de_DE","og_type":"article","og_title":"STOFFPUPPE - Fraternidade Sem Fronteiras","og_description":"Stoffpuppen, hergestellt von unseren Freiwilligen.","og_url":"https:\/\/fraternidadesemfronteiras.ch\/produto\/boneca-de-pano\/","og_site_name":"Fraternidade Sem Fronteiras","article_modified_time":"2022-05-07T18:09:07+00:00","og_image":[{"width":425,"height":600,"url":"https:\/\/fraternidadesemfronteiras.ch\/wp-content\/uploads\/2022\/03\/boneca-de-pano-1.webp","type":"image\/webp"}],"twitter_card":"summary_large_image","schema":{"@context":"https:\/\/schema.org","@graph":[{"@type":"WebPage","@id":"https:\/\/fraternidadesemfronteiras.ch\/produto\/boneca-de-pano\/","url":"https:\/\/fraternidadesemfronteiras.ch\/produto\/boneca-de-pano\/","name":"STOFFPUPPE - Fraternidade Sem Fronteiras","isPartOf":{"@id":"https:\/\/fraternidadesemfronteiras.ch\/#website"},"primaryImageOfPage":{"@id":"https:\/\/fraternidadesemfronteiras.ch\/produto\/boneca-de-pano\/#primaryimage"},"image":{"@id":"https:\/\/fraternidadesemfronteiras.ch\/produto\/boneca-de-pano\/#primaryimage"},"thumbnailUrl":"https:\/\/fraternidadesemfronteiras.ch\/wp-content\/uploads\/2022\/03\/boneca-de-pano-1.webp","datePublished":"2022-03-16T15:24:33+00:00","dateModified":"2022-05-07T18:09:07+00:00","description":"Stoffpuppen, hergestellt von unseren Freiwilligen.","breadcrumb":{"@id":"https:\/\/fraternidadesemfronteiras.ch\/produto\/boneca-de-pano\/#breadcrumb"},"inLanguage":"de","potentialAction":[{"@type":"ReadAction","target":["https:\/\/fraternidadesemfronteiras.ch\/produto\/boneca-de-pano\/"]}]},{"@type":"ImageObject","inLanguage":"de","@id":"https:\/\/fraternidadesemfronteiras.ch\/produto\/boneca-de-pano\/#primaryimage","url":"https:\/\/fraternidadesemfronteiras.ch\/wp-content\/uploads\/2022\/03\/boneca-de-pano-1.webp","contentUrl":"https:\/\/fraternidadesemfronteiras.ch\/wp-content\/uploads\/2022\/03\/boneca-de-pano-1.webp","width":425,"height":600},{"@type":"BreadcrumbList","@id":"https:\/\/fraternidadesemfronteiras.ch\/produto\/boneca-de-pano\/#breadcrumb","itemListElement":[{"@type":"ListItem","position":1,"name":"Home","item":"https:\/\/fraternidadesemfronteiras.ch\/"},{"@type":"ListItem","position":2,"name":"Solidarischer Shop","item":"https:\/\/fraternidadesemfronteiras.ch\/loja\/"},{"@type":"ListItem","position":3,"name":"STOFFPUPPE"}]},{"@type":"WebSite","@id":"https:\/\/fraternidadesemfronteiras.ch\/#website","url":"https:\/\/fraternidadesemfronteiras.ch\/","name":"Fraternidade Sem Fronteiras","description":"Somos uma organiza\u00e7\u00e3o humanit\u00e1ria que atua em alguns dos lugares mais pobres do planeta","potentialAction":[{"@type":"SearchAction","target":{"@type":"EntryPoint","urlTemplate":"https:\/\/fraternidadesemfronteiras.ch\/?s={search_term_string}"},"query-input":{"@type":"PropertyValueSpecification","valueRequired":true,"valueName":"search_term_string"}}],"inLanguage":"de"}]}},"_links":{"self":[{"href":"https:\/\/fraternidadesemfronteiras.ch\/de\/wp-json\/wp\/v2\/product\/7389","targetHints":{"allow":["GET"]}}],"collection":[{"href":"https:\/\/fraternidadesemfronteiras.ch\/de\/wp-json\/wp\/v2\/product"}],"about":[{"href":"https:\/\/fraternidadesemfronteiras.ch\/de\/wp-json\/wp\/v2\/types\/product"}],"version-history":[{"count":0,"href":"https:\/\/fraternidadesemfronteiras.ch\/de\/wp-json\/wp\/v2\/product\/7389\/revisions"}],"wp:featuredmedia":[{"embeddable":true,"href":"https:\/\/fraternidadesemfronteiras.ch\/de\/wp-json\/wp\/v2\/media\/7366"}],"wp:attachment":[{"href":"https:\/\/fraternidadesemfronteiras.ch\/de\/wp-json\/wp\/v2\/media?parent=7389"}],"wp:term":[{"taxonomy":"product_brand","embeddable":true,"href":"https:\/\/fraternidadesemfronteiras.ch\/de\/wp-json\/wp\/v2\/product_brand?post=7389"},{"taxonomy":"product_cat","embeddable":true,"href":"https:\/\/fraternidadesemfronteiras.ch\/de\/wp-json\/wp\/v2\/product_cat?post=7389"},{"taxonomy":"product_tag","embeddable":true,"href":"https:\/\/fraternidadesemfronteiras.ch\/de\/wp-json\/wp\/v2\/product_tag?post=7389"}],"curies":[{"name":"wp","href":"https:\/\/api.w.org\/{rel}","templated":true}]}}