{"id":3265,"date":"2020-01-21T06:06:32","date_gmt":"2020-01-21T09:06:32","guid":{"rendered":"https:\/\/fraternidadesemfronteiras.ch\/campanhas\/"},"modified":"2023-03-14T17:11:42","modified_gmt":"2023-03-14T20:11:42","slug":"campanhas","status":"publish","type":"page","link":"https:\/\/fraternidadesemfronteiras.ch\/de\/campanhas\/","title":{"rendered":"Kampagnen"},"content":{"rendered":"\t\t<div data-elementor-type=\"wp-page\" data-elementor-id=\"3265\" class=\"elementor elementor-3265 elementor-2429\" data-elementor-post-type=\"page\">\n\t\t\t\t\t\t<section class=\"elementor-section elementor-top-section elementor-element elementor-element-365e96fe elementor-section-boxed elementor-section-height-default elementor-section-height-default\" data-id=\"365e96fe\" data-element_type=\"section\" data-e-type=\"section\">\n\t\t\t\t\t\t<div class=\"elementor-container elementor-column-gap-default\">\n\t\t\t\t\t<div class=\"elementor-column elementor-col-100 elementor-top-column elementor-element elementor-element-50ca9c75\" data-id=\"50ca9c75\" data-element_type=\"column\" data-e-type=\"column\">\n\t\t\t<div class=\"elementor-widget-wrap elementor-element-populated\">\n\t\t\t\t\t\t<div class=\"elementor-element elementor-element-2268967f elementor-widget elementor-widget-heading\" data-id=\"2268967f\" data-element_type=\"widget\" data-e-type=\"widget\" data-widget_type=\"heading.default\">\n\t\t\t\t<div class=\"elementor-widget-container\">\n\t\t\t\t\t<h1 class=\"elementor-heading-title elementor-size-default\">Kampagnen<\/h1>\t\t\t\t<\/div>\n\t\t\t\t<\/div>\n\t\t\t\t<div class=\"elementor-element elementor-element-5cfd8660 elementor-widget elementor-widget-heading\" data-id=\"5cfd8660\" data-element_type=\"widget\" data-e-type=\"widget\" data-widget_type=\"heading.default\">\n\t\t\t\t<div class=\"elementor-widget-container\">\n\t\t\t\t\t<h2 class=\"elementor-heading-title elementor-size-default\">Bleiben Sie auf dem Laufenden \u00fcber die Aktionen von Br\u00fcderlichkeit ohne Grenzen<\/h2>\t\t\t\t<\/div>\n\t\t\t\t<\/div>\n\t\t\t\t\t<\/div>\n\t\t<\/div>\n\t\t\t\t\t<\/div>\n\t\t<\/section>\n\t\t\t\t<section class=\"elementor-section elementor-top-section elementor-element elementor-element-649659af elementor-section-boxed elementor-section-height-default elementor-section-height-default\" data-id=\"649659af\" data-element_type=\"section\" data-e-type=\"section\">\n\t\t\t\t\t\t<div class=\"elementor-container elementor-column-gap-default\">\n\t\t\t\t\t<div class=\"elementor-column elementor-col-100 elementor-top-column elementor-element elementor-element-10849ff3\" data-id=\"10849ff3\" data-element_type=\"column\" data-e-type=\"column\">\n\t\t\t<div class=\"elementor-widget-wrap elementor-element-populated\">\n\t\t\t\t\t\t<div class=\"elementor-element elementor-element-3c6830c1 elementor-grid-3 elementor-grid-tablet-2 elementor-grid-mobile-1 elementor-posts--thumbnail-top elementor-card-shadow-yes elementor-posts__hover-gradient elementor-widget elementor-widget-posts\" data-id=\"3c6830c1\" data-element_type=\"widget\" data-e-type=\"widget\" data-settings=\"{&quot;cards_columns&quot;:&quot;3&quot;,&quot;cards_columns_tablet&quot;:&quot;2&quot;,&quot;cards_columns_mobile&quot;:&quot;1&quot;,&quot;cards_row_gap&quot;:{&quot;unit&quot;:&quot;px&quot;,&quot;size&quot;:35,&quot;sizes&quot;:[]},&quot;cards_row_gap_tablet&quot;:{&quot;unit&quot;:&quot;px&quot;,&quot;size&quot;:&quot;&quot;,&quot;sizes&quot;:[]},&quot;cards_row_gap_mobile&quot;:{&quot;unit&quot;:&quot;px&quot;,&quot;size&quot;:&quot;&quot;,&quot;sizes&quot;:[]}}\" data-widget_type=\"posts.cards\">\n\t\t\t\t<div class=\"elementor-widget-container\">\n\t\t\t\t\t\t\t<div class=\"elementor-posts-container elementor-posts elementor-posts--skin-cards elementor-grid\" role=\"list\">\n\t\t\t\t<article class=\"elementor-post elementor-grid-item post-9270 campanha type-campanha status-publish has-post-thumbnail hentry\" role=\"listitem\">\n\t\t\t<div class=\"elementor-post__card\">\n\t\t\t\t<a class=\"elementor-post__thumbnail__link\" href=\"https:\/\/fraternidadesemfronteiras.ch\/de\/campanha\/zentrum-von-chimbembe\/\" tabindex=\"-1\" ><div class=\"elementor-post__thumbnail\"><img fetchpriority=\"high\" decoding=\"async\" width=\"300\" height=\"214\" src=\"https:\/\/fraternidadesemfronteiras.ch\/wp-content\/uploads\/2025\/07\/Banner-1-300x214.webp\" class=\"attachment-medium size-medium wp-image-9272\" alt=\"\" srcset=\"https:\/\/fraternidadesemfronteiras.ch\/wp-content\/uploads\/2025\/07\/Banner-1-300x214.webp 300w, https:\/\/fraternidadesemfronteiras.ch\/wp-content\/uploads\/2025\/07\/Banner-1-768x547.webp 768w, https:\/\/fraternidadesemfronteiras.ch\/wp-content\/uploads\/2025\/07\/Banner-1-500x356.webp 500w, https:\/\/fraternidadesemfronteiras.ch\/wp-content\/uploads\/2025\/07\/Banner-1-700x498.webp 700w, https:\/\/fraternidadesemfronteiras.ch\/wp-content\/uploads\/2025\/07\/Banner-1.webp 843w\" sizes=\"(max-width: 300px) 100vw, 300px\" \/><\/div><\/a>\n\t\t\t\t<div class=\"elementor-post__text\">\n\t\t\t\t<h3 class=\"elementor-post__title\">\n\t\t\t<a href=\"https:\/\/fraternidadesemfronteiras.ch\/de\/campanha\/zentrum-von-chimbembe\/\" >\n\t\t\t\tZentrum von Chimbembe\t\t\t<\/a>\n\t\t<\/h3>\n\t\t\n\t\t<a class=\"elementor-post__read-more\" href=\"https:\/\/fraternidadesemfronteiras.ch\/de\/campanha\/zentrum-von-chimbembe\/\" aria-label=\"Mehr \u00fcber Zentrum von Chimbembe\" tabindex=\"-1\" >\n\t\t\t Weiterlesen \u00bb\t\t<\/a>\n\n\t\t\t\t<\/div>\n\t\t\t\t\t<\/div>\n\t\t<\/article>\n\t\t\t\t<article class=\"elementor-post elementor-grid-item post-7747 campanha type-campanha status-publish has-post-thumbnail hentry\" role=\"listitem\">\n\t\t\t<div class=\"elementor-post__card\">\n\t\t\t\t<a class=\"elementor-post__thumbnail__link\" href=\"https:\/\/fraternidadesemfronteiras.ch\/de\/campanha\/maes-do-campo-nacao-ubuntu-de\/\" tabindex=\"-1\" ><div class=\"elementor-post__thumbnail\"><img decoding=\"async\" width=\"300\" height=\"214\" src=\"https:\/\/fraternidadesemfronteiras.ch\/wp-content\/uploads\/2022\/10\/Banner-Ma\u0303es-do-campo-DE-2-300x214.webp\" class=\"attachment-medium size-medium wp-image-7800\" alt=\"\" srcset=\"https:\/\/fraternidadesemfronteiras.ch\/wp-content\/uploads\/2022\/10\/Banner-Ma\u0303es-do-campo-DE-2-300x214.webp 300w, https:\/\/fraternidadesemfronteiras.ch\/wp-content\/uploads\/2022\/10\/Banner-Ma\u0303es-do-campo-DE-2-768x547.webp 768w, https:\/\/fraternidadesemfronteiras.ch\/wp-content\/uploads\/2022\/10\/Banner-Ma\u0303es-do-campo-DE-2-500x356.webp 500w, https:\/\/fraternidadesemfronteiras.ch\/wp-content\/uploads\/2022\/10\/Banner-Ma\u0303es-do-campo-DE-2-700x498.webp 700w, https:\/\/fraternidadesemfronteiras.ch\/wp-content\/uploads\/2022\/10\/Banner-Ma\u0303es-do-campo-DE-2.webp 843w\" sizes=\"(max-width: 300px) 100vw, 300px\" \/><\/div><\/a>\n\t\t\t\t<div class=\"elementor-post__text\">\n\t\t\t\t<h3 class=\"elementor-post__title\">\n\t\t\t<a href=\"https:\/\/fraternidadesemfronteiras.ch\/de\/campanha\/maes-do-campo-nacao-ubuntu-de\/\" >\n\t\t\t\tM\u00fctter des feldes\t\t\t<\/a>\n\t\t<\/h3>\n\t\t\n\t\t<a class=\"elementor-post__read-more\" href=\"https:\/\/fraternidadesemfronteiras.ch\/de\/campanha\/maes-do-campo-nacao-ubuntu-de\/\" aria-label=\"Mehr \u00fcber M\u00fctter des feldes\" tabindex=\"-1\" >\n\t\t\t Weiterlesen \u00bb\t\t<\/a>\n\n\t\t\t\t<\/div>\n\t\t\t\t\t<\/div>\n\t\t<\/article>\n\t\t\t\t<article class=\"elementor-post elementor-grid-item post-5975 campanha type-campanha status-publish has-post-thumbnail hentry\" role=\"listitem\">\n\t\t\t<div class=\"elementor-post__card\">\n\t\t\t\t<a class=\"elementor-post__thumbnail__link\" href=\"https:\/\/fraternidadesemfronteiras.ch\/de\/campanha\/schulhefte-aus-bruederlichkeit\/\" tabindex=\"-1\" ><div class=\"elementor-post__thumbnail\"><img decoding=\"async\" width=\"300\" height=\"223\" src=\"https:\/\/fraternidadesemfronteiras.ch\/wp-content\/uploads\/2021\/02\/Cadernosf-DE-min-300x223.jpg\" class=\"attachment-medium size-medium wp-image-4296\" alt=\"\" srcset=\"https:\/\/fraternidadesemfronteiras.ch\/wp-content\/uploads\/2021\/02\/Cadernosf-DE-min-300x223.jpg 300w, https:\/\/fraternidadesemfronteiras.ch\/wp-content\/uploads\/2021\/02\/Cadernosf-DE-min-500x371.jpg 500w, https:\/\/fraternidadesemfronteiras.ch\/wp-content\/uploads\/2021\/02\/Cadernosf-DE-min-200x148.jpg 200w, https:\/\/fraternidadesemfronteiras.ch\/wp-content\/uploads\/2021\/02\/Cadernosf-DE-min-400x297.jpg 400w, https:\/\/fraternidadesemfronteiras.ch\/wp-content\/uploads\/2021\/02\/Cadernosf-DE-min-600x445.jpg 600w, https:\/\/fraternidadesemfronteiras.ch\/wp-content\/uploads\/2021\/02\/Cadernosf-DE-min.jpg 662w\" sizes=\"(max-width: 300px) 100vw, 300px\" \/><\/div><\/a>\n\t\t\t\t<div class=\"elementor-post__text\">\n\t\t\t\t<h3 class=\"elementor-post__title\">\n\t\t\t<a href=\"https:\/\/fraternidadesemfronteiras.ch\/de\/campanha\/schulhefte-aus-bruederlichkeit\/\" >\n\t\t\t\tSchulhefte aus Br\u00fcderlichkeit\t\t\t<\/a>\n\t\t<\/h3>\n\t\t\n\t\t<a class=\"elementor-post__read-more\" href=\"https:\/\/fraternidadesemfronteiras.ch\/de\/campanha\/schulhefte-aus-bruederlichkeit\/\" aria-label=\"Mehr \u00fcber Schulhefte aus Br\u00fcderlichkeit\" tabindex=\"-1\" >\n\t\t\t Weiterlesen \u00bb\t\t<\/a>\n\n\t\t\t\t<\/div>\n\t\t\t\t\t<\/div>\n\t\t<\/article>\n\t\t\t\t<article class=\"elementor-post elementor-grid-item post-5416 campanha type-campanha status-publish has-post-thumbnail hentry\" role=\"listitem\">\n\t\t\t<div class=\"elementor-post__card\">\n\t\t\t\t<a class=\"elementor-post__thumbnail__link\" href=\"https:\/\/fraternidadesemfronteiras.ch\/de\/campanha\/wasser-fuer-afrika-die-quelle-ist-unsere-liebe\/\" tabindex=\"-1\" ><div class=\"elementor-post__thumbnail\"><img loading=\"lazy\" decoding=\"async\" width=\"300\" height=\"223\" src=\"https:\/\/fraternidadesemfronteiras.ch\/wp-content\/uploads\/2020\/07\/Site-afonte4-de-min-300x223.jpg\" class=\"attachment-medium size-medium wp-image-4078\" alt=\"\" srcset=\"https:\/\/fraternidadesemfronteiras.ch\/wp-content\/uploads\/2020\/07\/Site-afonte4-de-min-300x223.jpg 300w, https:\/\/fraternidadesemfronteiras.ch\/wp-content\/uploads\/2020\/07\/Site-afonte4-de-min-500x371.jpg 500w, https:\/\/fraternidadesemfronteiras.ch\/wp-content\/uploads\/2020\/07\/Site-afonte4-de-min-200x148.jpg 200w, https:\/\/fraternidadesemfronteiras.ch\/wp-content\/uploads\/2020\/07\/Site-afonte4-de-min-400x297.jpg 400w, https:\/\/fraternidadesemfronteiras.ch\/wp-content\/uploads\/2020\/07\/Site-afonte4-de-min-600x445.jpg 600w, https:\/\/fraternidadesemfronteiras.ch\/wp-content\/uploads\/2020\/07\/Site-afonte4-de-min.jpg 662w\" sizes=\"(max-width: 300px) 100vw, 300px\" \/><\/div><\/a>\n\t\t\t\t<div class=\"elementor-post__text\">\n\t\t\t\t<h3 class=\"elementor-post__title\">\n\t\t\t<a href=\"https:\/\/fraternidadesemfronteiras.ch\/de\/campanha\/wasser-fuer-afrika-die-quelle-ist-unsere-liebe\/\" >\n\t\t\t\tWASSER F\u00dcR AFRIKA DIE QUELLE IST UNSERE LIEBE\t\t\t<\/a>\n\t\t<\/h3>\n\t\t\n\t\t<a class=\"elementor-post__read-more\" href=\"https:\/\/fraternidadesemfronteiras.ch\/de\/campanha\/wasser-fuer-afrika-die-quelle-ist-unsere-liebe\/\" aria-label=\"Mehr \u00fcber WASSER F\u00dcR AFRIKA DIE QUELLE IST UNSERE LIEBE\" tabindex=\"-1\" >\n\t\t\t Weiterlesen \u00bb\t\t<\/a>\n\n\t\t\t\t<\/div>\n\t\t\t\t\t<\/div>\n\t\t<\/article>\n\t\t\t\t<\/div>\n\t\t\n\t\t\t\t\t\t<\/div>\n\t\t\t\t<\/div>\n\t\t\t\t\t<\/div>\n\t\t<\/div>\n\t\t\t\t\t<\/div>\n\t\t<\/section>\n\t\t\t\t<\/div>\n\t\t","protected":false},"excerpt":{"rendered":"<p>Kampagnen Bleiben Sie auf dem Laufenden \u00fcber die Aktionen von Br\u00fcderlichkeit ohne Grenzen<\/p>\n","protected":false},"author":3,"featured_media":0,"parent":0,"menu_order":0,"comment_status":"closed","ping_status":"closed","template":"elementor_header_footer","meta":{"footnotes":""},"class_list":["post-3265","page","type-page","status-publish","hentry"],"yoast_head":"<!-- This site is optimized with the Yoast SEO plugin v27.4 - https:\/\/yoast.com\/product\/yoast-seo-wordpress\/ -->\n<title>Kampagnen - Fraternidade Sem Fronteiras<\/title>\n<meta name=\"robots\" content=\"index, follow, max-snippet:-1, max-image-preview:large, max-video-preview:-1\" \/>\n<link rel=\"canonical\" href=\"https:\/\/fraternidadesemfronteiras.ch\/campanhas\/\" \/>\n<meta property=\"og:locale\" content=\"de_DE\" \/>\n<meta property=\"og:type\" content=\"article\" \/>\n<meta property=\"og:title\" content=\"Kampagnen - Fraternidade Sem Fronteiras\" \/>\n<meta property=\"og:description\" content=\"Kampagnen Bleiben Sie auf dem Laufenden \u00fcber die Aktionen von Br\u00fcderlichkeit ohne Grenzen\" \/>\n<meta property=\"og:url\" content=\"https:\/\/fraternidadesemfronteiras.ch\/campanhas\/\" \/>\n<meta property=\"og:site_name\" content=\"Fraternidade Sem Fronteiras\" \/>\n<meta property=\"article:modified_time\" content=\"2023-03-14T20:11:42+00:00\" \/>\n<meta name=\"twitter:card\" content=\"summary_large_image\" \/>\n<meta name=\"twitter:label1\" content=\"Gesch\u00e4tzte Lesezeit\" \/>\n\t<meta name=\"twitter:data1\" content=\"2\u00a0Minuten\" \/>\n<script type=\"application\/ld+json\" class=\"yoast-schema-graph\">{\"@context\":\"https:\\\/\\\/schema.org\",\"@graph\":[{\"@type\":\"WebPage\",\"@id\":\"https:\\\/\\\/fraternidadesemfronteiras.ch\\\/campanhas\\\/\",\"url\":\"https:\\\/\\\/fraternidadesemfronteiras.ch\\\/campanhas\\\/\",\"name\":\"Kampagnen - Fraternidade Sem Fronteiras\",\"isPartOf\":{\"@id\":\"https:\\\/\\\/fraternidadesemfronteiras.ch\\\/#website\"},\"datePublished\":\"2020-01-21T09:06:32+00:00\",\"dateModified\":\"2023-03-14T20:11:42+00:00\",\"breadcrumb\":{\"@id\":\"https:\\\/\\\/fraternidadesemfronteiras.ch\\\/campanhas\\\/#breadcrumb\"},\"inLanguage\":\"de\",\"potentialAction\":[{\"@type\":\"ReadAction\",\"target\":[\"https:\\\/\\\/fraternidadesemfronteiras.ch\\\/campanhas\\\/\"]}]},{\"@type\":\"BreadcrumbList\",\"@id\":\"https:\\\/\\\/fraternidadesemfronteiras.ch\\\/campanhas\\\/#breadcrumb\",\"itemListElement\":[{\"@type\":\"ListItem\",\"position\":1,\"name\":\"Home\",\"item\":\"https:\\\/\\\/fraternidadesemfronteiras.ch\\\/\"},{\"@type\":\"ListItem\",\"position\":2,\"name\":\"Kampagnen\"}]},{\"@type\":\"WebSite\",\"@id\":\"https:\\\/\\\/fraternidadesemfronteiras.ch\\\/#website\",\"url\":\"https:\\\/\\\/fraternidadesemfronteiras.ch\\\/\",\"name\":\"Fraternidade Sem Fronteiras\",\"description\":\"Somos uma organiza\u00e7\u00e3o humanit\u00e1ria que atua em alguns dos lugares mais pobres do planeta\",\"potentialAction\":[{\"@type\":\"SearchAction\",\"target\":{\"@type\":\"EntryPoint\",\"urlTemplate\":\"https:\\\/\\\/fraternidadesemfronteiras.ch\\\/?s={search_term_string}\"},\"query-input\":{\"@type\":\"PropertyValueSpecification\",\"valueRequired\":true,\"valueName\":\"search_term_string\"}}],\"inLanguage\":\"de\"}]}<\/script>\n<!-- \/ Yoast SEO plugin. -->","yoast_head_json":{"title":"Kampagnen - Fraternidade Sem Fronteiras","robots":{"index":"index","follow":"follow","max-snippet":"max-snippet:-1","max-image-preview":"max-image-preview:large","max-video-preview":"max-video-preview:-1"},"canonical":"https:\/\/fraternidadesemfronteiras.ch\/campanhas\/","og_locale":"de_DE","og_type":"article","og_title":"Kampagnen - Fraternidade Sem Fronteiras","og_description":"Kampagnen Bleiben Sie auf dem Laufenden \u00fcber die Aktionen von Br\u00fcderlichkeit ohne Grenzen","og_url":"https:\/\/fraternidadesemfronteiras.ch\/campanhas\/","og_site_name":"Fraternidade Sem Fronteiras","article_modified_time":"2023-03-14T20:11:42+00:00","twitter_card":"summary_large_image","twitter_misc":{"Gesch\u00e4tzte Lesezeit":"2\u00a0Minuten"},"schema":{"@context":"https:\/\/schema.org","@graph":[{"@type":"WebPage","@id":"https:\/\/fraternidadesemfronteiras.ch\/campanhas\/","url":"https:\/\/fraternidadesemfronteiras.ch\/campanhas\/","name":"Kampagnen - Fraternidade Sem Fronteiras","isPartOf":{"@id":"https:\/\/fraternidadesemfronteiras.ch\/#website"},"datePublished":"2020-01-21T09:06:32+00:00","dateModified":"2023-03-14T20:11:42+00:00","breadcrumb":{"@id":"https:\/\/fraternidadesemfronteiras.ch\/campanhas\/#breadcrumb"},"inLanguage":"de","potentialAction":[{"@type":"ReadAction","target":["https:\/\/fraternidadesemfronteiras.ch\/campanhas\/"]}]},{"@type":"BreadcrumbList","@id":"https:\/\/fraternidadesemfronteiras.ch\/campanhas\/#breadcrumb","itemListElement":[{"@type":"ListItem","position":1,"name":"Home","item":"https:\/\/fraternidadesemfronteiras.ch\/"},{"@type":"ListItem","position":2,"name":"Kampagnen"}]},{"@type":"WebSite","@id":"https:\/\/fraternidadesemfronteiras.ch\/#website","url":"https:\/\/fraternidadesemfronteiras.ch\/","name":"Fraternidade Sem Fronteiras","description":"Somos uma organiza\u00e7\u00e3o humanit\u00e1ria que atua em alguns dos lugares mais pobres do planeta","potentialAction":[{"@type":"SearchAction","target":{"@type":"EntryPoint","urlTemplate":"https:\/\/fraternidadesemfronteiras.ch\/?s={search_term_string}"},"query-input":{"@type":"PropertyValueSpecification","valueRequired":true,"valueName":"search_term_string"}}],"inLanguage":"de"}]}},"_links":{"self":[{"href":"https:\/\/fraternidadesemfronteiras.ch\/de\/wp-json\/wp\/v2\/pages\/3265","targetHints":{"allow":["GET"]}}],"collection":[{"href":"https:\/\/fraternidadesemfronteiras.ch\/de\/wp-json\/wp\/v2\/pages"}],"about":[{"href":"https:\/\/fraternidadesemfronteiras.ch\/de\/wp-json\/wp\/v2\/types\/page"}],"author":[{"embeddable":true,"href":"https:\/\/fraternidadesemfronteiras.ch\/de\/wp-json\/wp\/v2\/users\/3"}],"replies":[{"embeddable":true,"href":"https:\/\/fraternidadesemfronteiras.ch\/de\/wp-json\/wp\/v2\/comments?post=3265"}],"version-history":[{"count":3,"href":"https:\/\/fraternidadesemfronteiras.ch\/de\/wp-json\/wp\/v2\/pages\/3265\/revisions"}],"predecessor-version":[{"id":8102,"href":"https:\/\/fraternidadesemfronteiras.ch\/de\/wp-json\/wp\/v2\/pages\/3265\/revisions\/8102"}],"wp:attachment":[{"href":"https:\/\/fraternidadesemfronteiras.ch\/de\/wp-json\/wp\/v2\/media?parent=3265"}],"curies":[{"name":"wp","href":"https:\/\/api.w.org\/{rel}","templated":true}]}}